{"id":6077,"date":"2014-07-25T14:14:33","date_gmt":"2014-07-25T14:14:33","guid":{"rendered":"https:\/\/www.latoupiebleue.com\/accueil\/"},"modified":"2022-10-21T09:51:39","modified_gmt":"2022-10-21T09:51:39","slug":"welcome","status":"publish","type":"page","link":"https:\/\/www.latoupiebleue.com\/en\/","title":{"rendered":"Welcome"},"content":{"rendered":"","protected":false},"excerpt":{"rendered":"","protected":false},"author":3,"featured_media":0,"parent":0,"menu_order":-1,"comment_status":"closed","ping_status":"closed","template":"modeles-de-page\/page-homepage.php","meta":{"footnotes":""},"acf":[],"yoast_head":"<!-- This site is optimized with the Yoast SEO plugin v20.5 - https:\/\/yoast.com\/wordpress\/plugins\/seo\/ -->\n<title>Vacances Sportives, S\u00e9jour et Week End Sportif - La Toupie Bleue<\/title>\n<meta name=\"description\" content=\"La Toupie Bleue est une agence de voyage sp\u00e9cialis\u00e9e dans l&#039;organisation de Vacances Sportives, S\u00e9jour et Week End Sportif dans le Sud de la France et en Espagne, pour tous les \u00e2ges.\" \/>\n<meta name=\"robots\" content=\"index, follow, max-snippet:-1, max-image-preview:large, max-video-preview:-1\" \/>\n<link rel=\"canonical\" href=\"https:\/\/www.latoupiebleue.com\/en\/\" \/>\n<meta property=\"og:locale\" content=\"en_US\" \/>\n<meta property=\"og:type\" content=\"article\" \/>\n<meta property=\"og:title\" content=\"Vacances Sportives, S\u00e9jour et Week End Sportif - La Toupie Bleue\" \/>\n<meta property=\"og:description\" content=\"La Toupie Bleue est une agence de voyage sp\u00e9cialis\u00e9e dans l&#039;organisation de Vacances Sportives, S\u00e9jour et Week End Sportif dans le Sud de la France et en Espagne, pour tous les \u00e2ges.\" \/>\n<meta property=\"og:url\" content=\"https:\/\/www.latoupiebleue.com\/en\/\" \/>\n<meta property=\"og:site_name\" content=\"La Toupie Bleue\" \/>\n<meta property=\"article:publisher\" content=\"https:\/\/www.facebook.com\/latoupiebleue\/\" \/>\n<meta property=\"article:modified_time\" content=\"2022-10-21T09:51:39+00:00\" \/>\n<meta name=\"twitter:card\" content=\"summary_large_image\" \/>\n<meta name=\"twitter:site\" content=\"@La_Toupie_Bleue\" \/>\n<script type=\"application\/ld+json\" class=\"yoast-schema-graph\">{\"@context\":\"https:\/\/schema.org\",\"@graph\":[{\"@type\":\"WebPage\",\"@id\":\"https:\/\/www.latoupiebleue.com\/en\/\",\"url\":\"https:\/\/www.latoupiebleue.com\/en\/\",\"name\":\"Vacances Sportives, S\u00e9jour et Week End Sportif - La Toupie Bleue\",\"isPartOf\":{\"@id\":\"https:\/\/www.latoupiebleue.com\/en\/#website\"},\"datePublished\":\"2014-07-25T14:14:33+00:00\",\"dateModified\":\"2022-10-21T09:51:39+00:00\",\"description\":\"La Toupie Bleue est une agence de voyage sp\u00e9cialis\u00e9e dans l'organisation de Vacances Sportives, S\u00e9jour et Week End Sportif dans le Sud de la France et en Espagne, pour tous les \u00e2ges.\",\"breadcrumb\":{\"@id\":\"https:\/\/www.latoupiebleue.com\/en\/#breadcrumb\"},\"inLanguage\":\"en-US\",\"potentialAction\":[{\"@type\":\"ReadAction\",\"target\":[\"https:\/\/www.latoupiebleue.com\/en\/\"]}]},{\"@type\":\"BreadcrumbList\",\"@id\":\"https:\/\/www.latoupiebleue.com\/en\/#breadcrumb\",\"itemListElement\":[{\"@type\":\"ListItem\",\"position\":1,\"name\":\"Accueil\",\"item\":\"https:\/\/www.latoupiebleue.com\/en\/\"},{\"@type\":\"ListItem\",\"position\":2,\"name\":\"Welcome\"}]},{\"@type\":\"WebSite\",\"@id\":\"https:\/\/www.latoupiebleue.com\/en\/#website\",\"url\":\"https:\/\/www.latoupiebleue.com\/en\/\",\"name\":\"La Toupie Bleue\",\"description\":\"La Toupie Bleue\",\"publisher\":{\"@id\":\"https:\/\/www.latoupiebleue.com\/en\/#organization\"},\"potentialAction\":[{\"@type\":\"SearchAction\",\"target\":{\"@type\":\"EntryPoint\",\"urlTemplate\":\"https:\/\/www.latoupiebleue.com\/en\/?s={search_term_string}\"},\"query-input\":\"required name=search_term_string\"}],\"inLanguage\":\"en-US\"},{\"@type\":\"Organization\",\"@id\":\"https:\/\/www.latoupiebleue.com\/en\/#organization\",\"name\":\"La Toupie Bleue\",\"url\":\"https:\/\/www.latoupiebleue.com\/en\/\",\"logo\":{\"@type\":\"ImageObject\",\"inLanguage\":\"en-US\",\"@id\":\"https:\/\/www.latoupiebleue.com\/en\/#\/schema\/logo\/image\/\",\"url\":\"https:\/\/www.latoupiebleue.com\/wp-content\/uploads\/2018\/03\/LOGO_6_LA_TOUPIE_BLEUE_BLANC_FOND_BLEU_FONCE.jpg\",\"contentUrl\":\"https:\/\/www.latoupiebleue.com\/wp-content\/uploads\/2018\/03\/LOGO_6_LA_TOUPIE_BLEUE_BLANC_FOND_BLEU_FONCE.jpg\",\"width\":1990,\"height\":1990,\"caption\":\"La Toupie Bleue\"},\"image\":{\"@id\":\"https:\/\/www.latoupiebleue.com\/en\/#\/schema\/logo\/image\/\"},\"sameAs\":[\"https:\/\/www.facebook.com\/latoupiebleue\/\",\"https:\/\/twitter.com\/La_Toupie_Bleue\",\"https:\/\/www.instagram.com\/latoupiebleue\/\"]}]}<\/script>\n<!-- \/ Yoast SEO plugin. -->","yoast_head_json":{"title":"Vacances Sportives, S\u00e9jour et Week End Sportif - La Toupie Bleue","description":"La Toupie Bleue est une agence de voyage sp\u00e9cialis\u00e9e dans l'organisation de Vacances Sportives, S\u00e9jour et Week End Sportif dans le Sud de la France et en Espagne, pour tous les \u00e2ges.","robots":{"index":"index","follow":"follow","max-snippet":"max-snippet:-1","max-image-preview":"max-image-preview:large","max-video-preview":"max-video-preview:-1"},"canonical":"https:\/\/www.latoupiebleue.com\/en\/","og_locale":"en_US","og_type":"article","og_title":"Vacances Sportives, S\u00e9jour et Week End Sportif - La Toupie Bleue","og_description":"La Toupie Bleue est une agence de voyage sp\u00e9cialis\u00e9e dans l'organisation de Vacances Sportives, S\u00e9jour et Week End Sportif dans le Sud de la France et en Espagne, pour tous les \u00e2ges.","og_url":"https:\/\/www.latoupiebleue.com\/en\/","og_site_name":"La Toupie Bleue","article_publisher":"https:\/\/www.facebook.com\/latoupiebleue\/","article_modified_time":"2022-10-21T09:51:39+00:00","twitter_card":"summary_large_image","twitter_site":"@La_Toupie_Bleue","schema":{"@context":"https:\/\/schema.org","@graph":[{"@type":"WebPage","@id":"https:\/\/www.latoupiebleue.com\/en\/","url":"https:\/\/www.latoupiebleue.com\/en\/","name":"Vacances Sportives, S\u00e9jour et Week End Sportif - La Toupie Bleue","isPartOf":{"@id":"https:\/\/www.latoupiebleue.com\/en\/#website"},"datePublished":"2014-07-25T14:14:33+00:00","dateModified":"2022-10-21T09:51:39+00:00","description":"La Toupie Bleue est une agence de voyage sp\u00e9cialis\u00e9e dans l'organisation de Vacances Sportives, S\u00e9jour et Week End Sportif dans le Sud de la France et en Espagne, pour tous les \u00e2ges.","breadcrumb":{"@id":"https:\/\/www.latoupiebleue.com\/en\/#breadcrumb"},"inLanguage":"en-US","potentialAction":[{"@type":"ReadAction","target":["https:\/\/www.latoupiebleue.com\/en\/"]}]},{"@type":"BreadcrumbList","@id":"https:\/\/www.latoupiebleue.com\/en\/#breadcrumb","itemListElement":[{"@type":"ListItem","position":1,"name":"Accueil","item":"https:\/\/www.latoupiebleue.com\/en\/"},{"@type":"ListItem","position":2,"name":"Welcome"}]},{"@type":"WebSite","@id":"https:\/\/www.latoupiebleue.com\/en\/#website","url":"https:\/\/www.latoupiebleue.com\/en\/","name":"La Toupie Bleue","description":"La Toupie Bleue","publisher":{"@id":"https:\/\/www.latoupiebleue.com\/en\/#organization"},"potentialAction":[{"@type":"SearchAction","target":{"@type":"EntryPoint","urlTemplate":"https:\/\/www.latoupiebleue.com\/en\/?s={search_term_string}"},"query-input":"required name=search_term_string"}],"inLanguage":"en-US"},{"@type":"Organization","@id":"https:\/\/www.latoupiebleue.com\/en\/#organization","name":"La Toupie Bleue","url":"https:\/\/www.latoupiebleue.com\/en\/","logo":{"@type":"ImageObject","inLanguage":"en-US","@id":"https:\/\/www.latoupiebleue.com\/en\/#\/schema\/logo\/image\/","url":"https:\/\/www.latoupiebleue.com\/wp-content\/uploads\/2018\/03\/LOGO_6_LA_TOUPIE_BLEUE_BLANC_FOND_BLEU_FONCE.jpg","contentUrl":"https:\/\/www.latoupiebleue.com\/wp-content\/uploads\/2018\/03\/LOGO_6_LA_TOUPIE_BLEUE_BLANC_FOND_BLEU_FONCE.jpg","width":1990,"height":1990,"caption":"La Toupie Bleue"},"image":{"@id":"https:\/\/www.latoupiebleue.com\/en\/#\/schema\/logo\/image\/"},"sameAs":["https:\/\/www.facebook.com\/latoupiebleue\/","https:\/\/twitter.com\/La_Toupie_Bleue","https:\/\/www.instagram.com\/latoupiebleue\/"]}]}},"_links":{"self":[{"href":"https:\/\/www.latoupiebleue.com\/en\/wp-json\/wp\/v2\/pages\/6077"}],"collection":[{"href":"https:\/\/www.latoupiebleue.com\/en\/wp-json\/wp\/v2\/pages"}],"about":[{"href":"https:\/\/www.latoupiebleue.com\/en\/wp-json\/wp\/v2\/types\/page"}],"author":[{"embeddable":true,"href":"https:\/\/www.latoupiebleue.com\/en\/wp-json\/wp\/v2\/users\/3"}],"replies":[{"embeddable":true,"href":"https:\/\/www.latoupiebleue.com\/en\/wp-json\/wp\/v2\/comments?post=6077"}],"version-history":[{"count":2,"href":"https:\/\/www.latoupiebleue.com\/en\/wp-json\/wp\/v2\/pages\/6077\/revisions"}],"predecessor-version":[{"id":6079,"href":"https:\/\/www.latoupiebleue.com\/en\/wp-json\/wp\/v2\/pages\/6077\/revisions\/6079"}],"wp:attachment":[{"href":"https:\/\/www.latoupiebleue.com\/en\/wp-json\/wp\/v2\/media?parent=6077"}],"curies":[{"name":"wp","href":"https:\/\/api.w.org\/{rel}","templated":true}]}}