{"id":6221,"date":"2018-02-08T13:33:57","date_gmt":"2018-02-08T13:33:57","guid":{"rendered":"https:\/\/www.latoupiebleue.com\/thematique-sejour-sportif\/"},"modified":"2022-10-23T13:56:23","modified_gmt":"2022-10-23T13:56:23","slug":"theme-sports-stay","status":"publish","type":"page","link":"https:\/\/www.latoupiebleue.com\/en\/theme-sports-stay\/","title":{"rendered":"Our themes"},"content":{"rendered":"<p style=\"text-align: left;\">La Toupie Bleue wants to give you &quot;the impetus for sports travel&quot;. Through the themes below you can easily project yourself according to:<\/p>\n<ul>\n<li style=\"text-align: left;\"> <strong>the duration<\/strong> of your next stay<\/li>\n<li style=\"text-align: left;\"> <strong>the physical intensity<\/strong> you want to find in your sports package<\/li>\n<li style=\"text-align: left;\"> the <strong>context of your sporting experience<\/strong> (among friends, family, colleagues in the company, etc.)<\/li>\n<li style=\"text-align: left;\"> of <strong>the destination<\/strong> .<\/li>\n<\/ul>\n<p> A word of advice: review them all, let yourself be guided and let us know what excites you! Finally, if a sports activity was not specified in one of the themes that would interest you, do not hesitate to send us a <a href=\"https:\/\/www.latoupiebleue.com\/en\/personalized-sports-trip\/\">personalized travel quote.<\/a><\/p>\n","protected":false},"excerpt":{"rendered":"<p>La Toupie Bleue wants to give you &quot;the impetus for sports travel&quot;. Through the themes below you can easily project yourself according to: the duration of your next stay the physical intensity you want to find in your sports package the context of your sporting experience (among friends, family, colleagues in the company, etc.) of &hellip; <a href=\"https:\/\/www.latoupiebleue.com\/en\/theme-sports-stay\/\">Continued<\/a><\/p>\n","protected":false},"author":3,"featured_media":0,"parent":0,"menu_order":0,"comment_status":"closed","ping_status":"closed","template":"modeles-de-page\/page-nos-thematiques.php","meta":{"footnotes":""},"acf":[],"yoast_head":"<!-- This site is optimized with the Yoast SEO plugin v20.5 - https:\/\/yoast.com\/wordpress\/plugins\/seo\/ -->\n<title>S\u00e9jour sportif d\u00e9couvrez nos th\u00e9matiques de vacances sportives<\/title>\n<meta name=\"description\" content=\"Nos th\u00e9matiques de s\u00e9jour sportif se d\u00e9composent comme ceci : Sport &amp; adr\u00e9naline; vamos \u00e0 Barcelona, les incontournables, sport &amp; week end, les stages sportifs.\" \/>\n<meta name=\"robots\" content=\"index, follow, max-snippet:-1, max-image-preview:large, max-video-preview:-1\" \/>\n<link rel=\"canonical\" href=\"https:\/\/www.latoupiebleue.com\/en\/theme-sports-stay\/\" \/>\n<meta property=\"og:locale\" content=\"en_US\" \/>\n<meta property=\"og:type\" content=\"article\" \/>\n<meta property=\"og:title\" content=\"S\u00e9jour sportif d\u00e9couvrez nos th\u00e9matiques de vacances sportives\" \/>\n<meta property=\"og:description\" content=\"Nos th\u00e9matiques de s\u00e9jour sportif se d\u00e9composent comme ceci : Sport &amp; adr\u00e9naline; vamos \u00e0 Barcelona, les incontournables, sport &amp; week end, les stages sportifs.\" \/>\n<meta property=\"og:url\" content=\"https:\/\/www.latoupiebleue.com\/en\/theme-sports-stay\/\" \/>\n<meta property=\"og:site_name\" content=\"La Toupie Bleue\" \/>\n<meta property=\"article:publisher\" content=\"https:\/\/www.facebook.com\/latoupiebleue\/\" \/>\n<meta property=\"article:modified_time\" content=\"2022-10-23T13:56:23+00:00\" \/>\n<meta name=\"twitter:card\" content=\"summary_large_image\" \/>\n<meta name=\"twitter:site\" content=\"@La_Toupie_Bleue\" \/>\n<script type=\"application\/ld+json\" class=\"yoast-schema-graph\">{\"@context\":\"https:\/\/schema.org\",\"@graph\":[{\"@type\":\"WebPage\",\"@id\":\"https:\/\/www.latoupiebleue.com\/en\/theme-sports-stay\/\",\"url\":\"https:\/\/www.latoupiebleue.com\/en\/theme-sports-stay\/\",\"name\":\"S\u00e9jour sportif d\u00e9couvrez nos th\u00e9matiques de vacances sportives\",\"isPartOf\":{\"@id\":\"https:\/\/www.latoupiebleue.com\/en\/#website\"},\"datePublished\":\"2018-02-08T13:33:57+00:00\",\"dateModified\":\"2022-10-23T13:56:23+00:00\",\"description\":\"Nos th\u00e9matiques de s\u00e9jour sportif se d\u00e9composent comme ceci : Sport & adr\u00e9naline; vamos \u00e0 Barcelona, les incontournables, sport & week end, les stages sportifs.\",\"breadcrumb\":{\"@id\":\"https:\/\/www.latoupiebleue.com\/en\/theme-sports-stay\/#breadcrumb\"},\"inLanguage\":\"en-US\",\"potentialAction\":[{\"@type\":\"ReadAction\",\"target\":[\"https:\/\/www.latoupiebleue.com\/en\/theme-sports-stay\/\"]}]},{\"@type\":\"BreadcrumbList\",\"@id\":\"https:\/\/www.latoupiebleue.com\/en\/theme-sports-stay\/#breadcrumb\",\"itemListElement\":[{\"@type\":\"ListItem\",\"position\":1,\"name\":\"Accueil\",\"item\":\"https:\/\/www.latoupiebleue.com\/en\/\"},{\"@type\":\"ListItem\",\"position\":2,\"name\":\"Our themes\"}]},{\"@type\":\"WebSite\",\"@id\":\"https:\/\/www.latoupiebleue.com\/en\/#website\",\"url\":\"https:\/\/www.latoupiebleue.com\/en\/\",\"name\":\"La Toupie Bleue\",\"description\":\"La Toupie Bleue\",\"publisher\":{\"@id\":\"https:\/\/www.latoupiebleue.com\/en\/#organization\"},\"potentialAction\":[{\"@type\":\"SearchAction\",\"target\":{\"@type\":\"EntryPoint\",\"urlTemplate\":\"https:\/\/www.latoupiebleue.com\/en\/?s={search_term_string}\"},\"query-input\":\"required name=search_term_string\"}],\"inLanguage\":\"en-US\"},{\"@type\":\"Organization\",\"@id\":\"https:\/\/www.latoupiebleue.com\/en\/#organization\",\"name\":\"La Toupie Bleue\",\"url\":\"https:\/\/www.latoupiebleue.com\/en\/\",\"logo\":{\"@type\":\"ImageObject\",\"inLanguage\":\"en-US\",\"@id\":\"https:\/\/www.latoupiebleue.com\/en\/#\/schema\/logo\/image\/\",\"url\":\"https:\/\/www.latoupiebleue.com\/wp-content\/uploads\/2018\/03\/LOGO_6_LA_TOUPIE_BLEUE_BLANC_FOND_BLEU_FONCE.jpg\",\"contentUrl\":\"https:\/\/www.latoupiebleue.com\/wp-content\/uploads\/2018\/03\/LOGO_6_LA_TOUPIE_BLEUE_BLANC_FOND_BLEU_FONCE.jpg\",\"width\":1990,\"height\":1990,\"caption\":\"La Toupie Bleue\"},\"image\":{\"@id\":\"https:\/\/www.latoupiebleue.com\/en\/#\/schema\/logo\/image\/\"},\"sameAs\":[\"https:\/\/www.facebook.com\/latoupiebleue\/\",\"https:\/\/twitter.com\/La_Toupie_Bleue\",\"https:\/\/www.instagram.com\/latoupiebleue\/\"]}]}<\/script>\n<!-- \/ Yoast SEO plugin. -->","yoast_head_json":{"title":"S\u00e9jour sportif d\u00e9couvrez nos th\u00e9matiques de vacances sportives","description":"Nos th\u00e9matiques de s\u00e9jour sportif se d\u00e9composent comme ceci : Sport & adr\u00e9naline; vamos \u00e0 Barcelona, les incontournables, sport & week end, les stages sportifs.","robots":{"index":"index","follow":"follow","max-snippet":"max-snippet:-1","max-image-preview":"max-image-preview:large","max-video-preview":"max-video-preview:-1"},"canonical":"https:\/\/www.latoupiebleue.com\/en\/theme-sports-stay\/","og_locale":"en_US","og_type":"article","og_title":"S\u00e9jour sportif d\u00e9couvrez nos th\u00e9matiques de vacances sportives","og_description":"Nos th\u00e9matiques de s\u00e9jour sportif se d\u00e9composent comme ceci : Sport & adr\u00e9naline; vamos \u00e0 Barcelona, les incontournables, sport & week end, les stages sportifs.","og_url":"https:\/\/www.latoupiebleue.com\/en\/theme-sports-stay\/","og_site_name":"La Toupie Bleue","article_publisher":"https:\/\/www.facebook.com\/latoupiebleue\/","article_modified_time":"2022-10-23T13:56:23+00:00","twitter_card":"summary_large_image","twitter_site":"@La_Toupie_Bleue","schema":{"@context":"https:\/\/schema.org","@graph":[{"@type":"WebPage","@id":"https:\/\/www.latoupiebleue.com\/en\/theme-sports-stay\/","url":"https:\/\/www.latoupiebleue.com\/en\/theme-sports-stay\/","name":"S\u00e9jour sportif d\u00e9couvrez nos th\u00e9matiques de vacances sportives","isPartOf":{"@id":"https:\/\/www.latoupiebleue.com\/en\/#website"},"datePublished":"2018-02-08T13:33:57+00:00","dateModified":"2022-10-23T13:56:23+00:00","description":"Nos th\u00e9matiques de s\u00e9jour sportif se d\u00e9composent comme ceci : Sport & adr\u00e9naline; vamos \u00e0 Barcelona, les incontournables, sport & week end, les stages sportifs.","breadcrumb":{"@id":"https:\/\/www.latoupiebleue.com\/en\/theme-sports-stay\/#breadcrumb"},"inLanguage":"en-US","potentialAction":[{"@type":"ReadAction","target":["https:\/\/www.latoupiebleue.com\/en\/theme-sports-stay\/"]}]},{"@type":"BreadcrumbList","@id":"https:\/\/www.latoupiebleue.com\/en\/theme-sports-stay\/#breadcrumb","itemListElement":[{"@type":"ListItem","position":1,"name":"Accueil","item":"https:\/\/www.latoupiebleue.com\/en\/"},{"@type":"ListItem","position":2,"name":"Our themes"}]},{"@type":"WebSite","@id":"https:\/\/www.latoupiebleue.com\/en\/#website","url":"https:\/\/www.latoupiebleue.com\/en\/","name":"La Toupie Bleue","description":"La Toupie Bleue","publisher":{"@id":"https:\/\/www.latoupiebleue.com\/en\/#organization"},"potentialAction":[{"@type":"SearchAction","target":{"@type":"EntryPoint","urlTemplate":"https:\/\/www.latoupiebleue.com\/en\/?s={search_term_string}"},"query-input":"required name=search_term_string"}],"inLanguage":"en-US"},{"@type":"Organization","@id":"https:\/\/www.latoupiebleue.com\/en\/#organization","name":"La Toupie Bleue","url":"https:\/\/www.latoupiebleue.com\/en\/","logo":{"@type":"ImageObject","inLanguage":"en-US","@id":"https:\/\/www.latoupiebleue.com\/en\/#\/schema\/logo\/image\/","url":"https:\/\/www.latoupiebleue.com\/wp-content\/uploads\/2018\/03\/LOGO_6_LA_TOUPIE_BLEUE_BLANC_FOND_BLEU_FONCE.jpg","contentUrl":"https:\/\/www.latoupiebleue.com\/wp-content\/uploads\/2018\/03\/LOGO_6_LA_TOUPIE_BLEUE_BLANC_FOND_BLEU_FONCE.jpg","width":1990,"height":1990,"caption":"La Toupie Bleue"},"image":{"@id":"https:\/\/www.latoupiebleue.com\/en\/#\/schema\/logo\/image\/"},"sameAs":["https:\/\/www.facebook.com\/latoupiebleue\/","https:\/\/twitter.com\/La_Toupie_Bleue","https:\/\/www.instagram.com\/latoupiebleue\/"]}]}},"_links":{"self":[{"href":"https:\/\/www.latoupiebleue.com\/en\/wp-json\/wp\/v2\/pages\/6221"}],"collection":[{"href":"https:\/\/www.latoupiebleue.com\/en\/wp-json\/wp\/v2\/pages"}],"about":[{"href":"https:\/\/www.latoupiebleue.com\/en\/wp-json\/wp\/v2\/types\/page"}],"author":[{"embeddable":true,"href":"https:\/\/www.latoupiebleue.com\/en\/wp-json\/wp\/v2\/users\/3"}],"replies":[{"embeddable":true,"href":"https:\/\/www.latoupiebleue.com\/en\/wp-json\/wp\/v2\/comments?post=6221"}],"version-history":[{"count":2,"href":"https:\/\/www.latoupiebleue.com\/en\/wp-json\/wp\/v2\/pages\/6221\/revisions"}],"predecessor-version":[{"id":6223,"href":"https:\/\/www.latoupiebleue.com\/en\/wp-json\/wp\/v2\/pages\/6221\/revisions\/6223"}],"wp:attachment":[{"href":"https:\/\/www.latoupiebleue.com\/en\/wp-json\/wp\/v2\/media?parent=6221"}],"curies":[{"name":"wp","href":"https:\/\/api.w.org\/{rel}","templated":true}]}}