{"id":6240,"date":"2018-02-08T13:30:39","date_gmt":"2018-02-08T13:30:39","guid":{"rendered":"https:\/\/www.latoupiebleue.com\/voyage-sport-concept\/"},"modified":"2025-10-03T14:09:34","modified_gmt":"2025-10-03T14:09:34","slug":"travel-sport-concept","status":"publish","type":"page","link":"https:\/\/www.latoupiebleue.com\/en\/travel-sport-concept\/","title":{"rendered":"The Concept: a journey and sport!"},"content":{"rendered":"","protected":false},"excerpt":{"rendered":"","protected":false},"author":3,"featured_media":7308,"parent":0,"menu_order":0,"comment_status":"closed","ping_status":"closed","template":"modeles-de-page\/page-concept.php","meta":{"footnotes":""},"acf":[],"yoast_head":"<!-- This site is optimized with the Yoast SEO plugin v20.5 - https:\/\/yoast.com\/wordpress\/plugins\/seo\/ -->\n<title>Le Concept : un Voyage, un Week End, un Stage, un S\u00e9jour et du Sport !<\/title>\n<meta name=\"description\" content=\"Le Concept : Vivre des vacances sportives gr\u00e2ce \u00e0 un voyage sport! L\u2019entreprise se veut \u00eatre une r\u00e9f\u00e9rence du voyage sportif puisqu\u2019elle est immatricul\u00e9e Atout France en qualit\u00e9 d\u2019entreprise du voyage tout en \u00e9tant issue de l\u2019univers \u00ab sport \u00bb.\" \/>\n<meta name=\"robots\" content=\"index, follow, max-snippet:-1, max-image-preview:large, max-video-preview:-1\" \/>\n<link rel=\"canonical\" href=\"https:\/\/www.latoupiebleue.com\/en\/travel-sport-concept\/\" \/>\n<meta property=\"og:locale\" content=\"en_US\" \/>\n<meta property=\"og:type\" content=\"article\" \/>\n<meta property=\"og:title\" content=\"Le Concept : un Voyage, un Week End, un Stage, un S\u00e9jour et du Sport !\" \/>\n<meta property=\"og:description\" content=\"Le Concept : Vivre des vacances sportives gr\u00e2ce \u00e0 un voyage sport! L\u2019entreprise se veut \u00eatre une r\u00e9f\u00e9rence du voyage sportif puisqu\u2019elle est immatricul\u00e9e Atout France en qualit\u00e9 d\u2019entreprise du voyage tout en \u00e9tant issue de l\u2019univers \u00ab sport \u00bb.\" \/>\n<meta property=\"og:url\" content=\"https:\/\/www.latoupiebleue.com\/en\/travel-sport-concept\/\" \/>\n<meta property=\"og:site_name\" content=\"La Toupie Bleue\" \/>\n<meta property=\"article:publisher\" content=\"https:\/\/www.facebook.com\/latoupiebleue\/\" \/>\n<meta property=\"article:modified_time\" content=\"2025-10-03T14:09:34+00:00\" \/>\n<meta property=\"og:image\" content=\"https:\/\/www.latoupiebleue.com\/wp-content\/uploads\/2023\/10\/InShot_20231002_143514155-scaled.jpg\" \/>\n\t<meta property=\"og:image:width\" content=\"2560\" \/>\n\t<meta property=\"og:image:height\" content=\"1920\" \/>\n\t<meta property=\"og:image:type\" content=\"image\/jpeg\" \/>\n<meta name=\"twitter:card\" content=\"summary_large_image\" \/>\n<meta name=\"twitter:site\" content=\"@La_Toupie_Bleue\" \/>\n<script type=\"application\/ld+json\" class=\"yoast-schema-graph\">{\"@context\":\"https:\/\/schema.org\",\"@graph\":[{\"@type\":\"WebPage\",\"@id\":\"https:\/\/www.latoupiebleue.com\/en\/travel-sport-concept\/\",\"url\":\"https:\/\/www.latoupiebleue.com\/en\/travel-sport-concept\/\",\"name\":\"Le Concept : un Voyage, un Week End, un Stage, un S\u00e9jour et du Sport !\",\"isPartOf\":{\"@id\":\"https:\/\/www.latoupiebleue.com\/en\/#website\"},\"datePublished\":\"2018-02-08T13:30:39+00:00\",\"dateModified\":\"2025-10-03T14:09:34+00:00\",\"description\":\"Le Concept : Vivre des vacances sportives gr\u00e2ce \u00e0 un voyage sport! L\u2019entreprise se veut \u00eatre une r\u00e9f\u00e9rence du voyage sportif puisqu\u2019elle est immatricul\u00e9e Atout France en qualit\u00e9 d\u2019entreprise du voyage tout en \u00e9tant issue de l\u2019univers \u00ab sport \u00bb.\",\"breadcrumb\":{\"@id\":\"https:\/\/www.latoupiebleue.com\/en\/travel-sport-concept\/#breadcrumb\"},\"inLanguage\":\"en-US\",\"potentialAction\":[{\"@type\":\"ReadAction\",\"target\":[\"https:\/\/www.latoupiebleue.com\/en\/travel-sport-concept\/\"]}]},{\"@type\":\"BreadcrumbList\",\"@id\":\"https:\/\/www.latoupiebleue.com\/en\/travel-sport-concept\/#breadcrumb\",\"itemListElement\":[{\"@type\":\"ListItem\",\"position\":1,\"name\":\"Accueil\",\"item\":\"https:\/\/www.latoupiebleue.com\/en\/\"},{\"@type\":\"ListItem\",\"position\":2,\"name\":\"The Concept: a journey and sport!\"}]},{\"@type\":\"WebSite\",\"@id\":\"https:\/\/www.latoupiebleue.com\/en\/#website\",\"url\":\"https:\/\/www.latoupiebleue.com\/en\/\",\"name\":\"La Toupie Bleue\",\"description\":\"La Toupie Bleue\",\"publisher\":{\"@id\":\"https:\/\/www.latoupiebleue.com\/en\/#organization\"},\"potentialAction\":[{\"@type\":\"SearchAction\",\"target\":{\"@type\":\"EntryPoint\",\"urlTemplate\":\"https:\/\/www.latoupiebleue.com\/en\/?s={search_term_string}\"},\"query-input\":\"required name=search_term_string\"}],\"inLanguage\":\"en-US\"},{\"@type\":\"Organization\",\"@id\":\"https:\/\/www.latoupiebleue.com\/en\/#organization\",\"name\":\"La Toupie Bleue\",\"url\":\"https:\/\/www.latoupiebleue.com\/en\/\",\"logo\":{\"@type\":\"ImageObject\",\"inLanguage\":\"en-US\",\"@id\":\"https:\/\/www.latoupiebleue.com\/en\/#\/schema\/logo\/image\/\",\"url\":\"https:\/\/www.latoupiebleue.com\/wp-content\/uploads\/2018\/03\/LOGO_6_LA_TOUPIE_BLEUE_BLANC_FOND_BLEU_FONCE.jpg\",\"contentUrl\":\"https:\/\/www.latoupiebleue.com\/wp-content\/uploads\/2018\/03\/LOGO_6_LA_TOUPIE_BLEUE_BLANC_FOND_BLEU_FONCE.jpg\",\"width\":1990,\"height\":1990,\"caption\":\"La Toupie Bleue\"},\"image\":{\"@id\":\"https:\/\/www.latoupiebleue.com\/en\/#\/schema\/logo\/image\/\"},\"sameAs\":[\"https:\/\/www.facebook.com\/latoupiebleue\/\",\"https:\/\/twitter.com\/La_Toupie_Bleue\",\"https:\/\/www.instagram.com\/latoupiebleue\/\"]}]}<\/script>\n<!-- \/ Yoast SEO plugin. -->","yoast_head_json":{"title":"Le Concept : un Voyage, un Week End, un Stage, un S\u00e9jour et du Sport !","description":"Le Concept : Vivre des vacances sportives gr\u00e2ce \u00e0 un voyage sport! L\u2019entreprise se veut \u00eatre une r\u00e9f\u00e9rence du voyage sportif puisqu\u2019elle est immatricul\u00e9e Atout France en qualit\u00e9 d\u2019entreprise du voyage tout en \u00e9tant issue de l\u2019univers \u00ab sport \u00bb.","robots":{"index":"index","follow":"follow","max-snippet":"max-snippet:-1","max-image-preview":"max-image-preview:large","max-video-preview":"max-video-preview:-1"},"canonical":"https:\/\/www.latoupiebleue.com\/en\/travel-sport-concept\/","og_locale":"en_US","og_type":"article","og_title":"Le Concept : un Voyage, un Week End, un Stage, un S\u00e9jour et du Sport !","og_description":"Le Concept : Vivre des vacances sportives gr\u00e2ce \u00e0 un voyage sport! L\u2019entreprise se veut \u00eatre une r\u00e9f\u00e9rence du voyage sportif puisqu\u2019elle est immatricul\u00e9e Atout France en qualit\u00e9 d\u2019entreprise du voyage tout en \u00e9tant issue de l\u2019univers \u00ab sport \u00bb.","og_url":"https:\/\/www.latoupiebleue.com\/en\/travel-sport-concept\/","og_site_name":"La Toupie Bleue","article_publisher":"https:\/\/www.facebook.com\/latoupiebleue\/","article_modified_time":"2025-10-03T14:09:34+00:00","og_image":[{"width":2560,"height":1920,"url":"https:\/\/www.latoupiebleue.com\/wp-content\/uploads\/2023\/10\/InShot_20231002_143514155-scaled.jpg","type":"image\/jpeg"}],"twitter_card":"summary_large_image","twitter_site":"@La_Toupie_Bleue","schema":{"@context":"https:\/\/schema.org","@graph":[{"@type":"WebPage","@id":"https:\/\/www.latoupiebleue.com\/en\/travel-sport-concept\/","url":"https:\/\/www.latoupiebleue.com\/en\/travel-sport-concept\/","name":"Le Concept : un Voyage, un Week End, un Stage, un S\u00e9jour et du Sport !","isPartOf":{"@id":"https:\/\/www.latoupiebleue.com\/en\/#website"},"datePublished":"2018-02-08T13:30:39+00:00","dateModified":"2025-10-03T14:09:34+00:00","description":"Le Concept : Vivre des vacances sportives gr\u00e2ce \u00e0 un voyage sport! L\u2019entreprise se veut \u00eatre une r\u00e9f\u00e9rence du voyage sportif puisqu\u2019elle est immatricul\u00e9e Atout France en qualit\u00e9 d\u2019entreprise du voyage tout en \u00e9tant issue de l\u2019univers \u00ab sport \u00bb.","breadcrumb":{"@id":"https:\/\/www.latoupiebleue.com\/en\/travel-sport-concept\/#breadcrumb"},"inLanguage":"en-US","potentialAction":[{"@type":"ReadAction","target":["https:\/\/www.latoupiebleue.com\/en\/travel-sport-concept\/"]}]},{"@type":"BreadcrumbList","@id":"https:\/\/www.latoupiebleue.com\/en\/travel-sport-concept\/#breadcrumb","itemListElement":[{"@type":"ListItem","position":1,"name":"Accueil","item":"https:\/\/www.latoupiebleue.com\/en\/"},{"@type":"ListItem","position":2,"name":"The Concept: a journey and sport!"}]},{"@type":"WebSite","@id":"https:\/\/www.latoupiebleue.com\/en\/#website","url":"https:\/\/www.latoupiebleue.com\/en\/","name":"La Toupie Bleue","description":"La Toupie Bleue","publisher":{"@id":"https:\/\/www.latoupiebleue.com\/en\/#organization"},"potentialAction":[{"@type":"SearchAction","target":{"@type":"EntryPoint","urlTemplate":"https:\/\/www.latoupiebleue.com\/en\/?s={search_term_string}"},"query-input":"required name=search_term_string"}],"inLanguage":"en-US"},{"@type":"Organization","@id":"https:\/\/www.latoupiebleue.com\/en\/#organization","name":"La Toupie Bleue","url":"https:\/\/www.latoupiebleue.com\/en\/","logo":{"@type":"ImageObject","inLanguage":"en-US","@id":"https:\/\/www.latoupiebleue.com\/en\/#\/schema\/logo\/image\/","url":"https:\/\/www.latoupiebleue.com\/wp-content\/uploads\/2018\/03\/LOGO_6_LA_TOUPIE_BLEUE_BLANC_FOND_BLEU_FONCE.jpg","contentUrl":"https:\/\/www.latoupiebleue.com\/wp-content\/uploads\/2018\/03\/LOGO_6_LA_TOUPIE_BLEUE_BLANC_FOND_BLEU_FONCE.jpg","width":1990,"height":1990,"caption":"La Toupie Bleue"},"image":{"@id":"https:\/\/www.latoupiebleue.com\/en\/#\/schema\/logo\/image\/"},"sameAs":["https:\/\/www.facebook.com\/latoupiebleue\/","https:\/\/twitter.com\/La_Toupie_Bleue","https:\/\/www.instagram.com\/latoupiebleue\/"]}]}},"_links":{"self":[{"href":"https:\/\/www.latoupiebleue.com\/en\/wp-json\/wp\/v2\/pages\/6240"}],"collection":[{"href":"https:\/\/www.latoupiebleue.com\/en\/wp-json\/wp\/v2\/pages"}],"about":[{"href":"https:\/\/www.latoupiebleue.com\/en\/wp-json\/wp\/v2\/types\/page"}],"author":[{"embeddable":true,"href":"https:\/\/www.latoupiebleue.com\/en\/wp-json\/wp\/v2\/users\/3"}],"replies":[{"embeddable":true,"href":"https:\/\/www.latoupiebleue.com\/en\/wp-json\/wp\/v2\/comments?post=6240"}],"version-history":[{"count":3,"href":"https:\/\/www.latoupiebleue.com\/en\/wp-json\/wp\/v2\/pages\/6240\/revisions"}],"predecessor-version":[{"id":8557,"href":"https:\/\/www.latoupiebleue.com\/en\/wp-json\/wp\/v2\/pages\/6240\/revisions\/8557"}],"wp:featuredmedia":[{"embeddable":true,"href":"https:\/\/www.latoupiebleue.com\/en\/wp-json\/wp\/v2\/media\/7308"}],"wp:attachment":[{"href":"https:\/\/www.latoupiebleue.com\/en\/wp-json\/wp\/v2\/media?parent=6240"}],"curies":[{"name":"wp","href":"https:\/\/api.w.org\/{rel}","templated":true}]}}