{"id":6136,"date":"2018-03-26T15:09:11","date_gmt":"2018-03-26T15:09:11","guid":{"rendered":"https:\/\/www.latoupiebleue.com\/recherche\/"},"modified":"2022-10-23T13:48:04","modified_gmt":"2022-10-23T13:48:04","slug":"investigar","status":"publish","type":"page","link":"https:\/\/www.latoupiebleue.com\/es\/investigar\/","title":{"rendered":"Investigar"},"content":{"rendered":"<div class=\"gmail-_rp_o5\">\n<div>\n<div class=\"gmail-_rp_l5\">\n<div>\n<div class=\"gmail-_rp_m5 gmail-rpHighlightAllClass gmail-rpHighlightBodyClass gmail-allowTextSelection\">\n<div>\n<div class=\"gmail-_rp_n5 gmail-ms-font-weight-regular gmail-ms-font-color-neutralDark\" tabindex=\"0\">\n<div class=\"gmail-rps_79e0\">\n<div>\n<div>\n<div id=\"gmail-x_divtagdefaultwrapper\"> La puerta de entrada para redescubrir el teambuilding o el esp\u00edritu de equipo a trav\u00e9s del #Deporte &#x1f50b;<\/p>\n<div><\/div>\n<p> La Toupie Bleue &#x1f300; crea y organiza sus propios d\u00edas de incentivos para empresas en el Var y los Alpes Mar\u00edtimos. A trav\u00e9s de sus paquetes de d\u00eda, sus equipos podr\u00e1n redescubrirse, colaborar de manera diferente pero tambi\u00e9n experimentar un momento: fuera de lo com\u00fan compartido. Entre adelantarme, cohesi\u00f3n de equipo y convivencia, \u00a1nuestra propuesta ser\u00e1 innovadora &#x1f4a1;!<\/p>\n<div><\/div>\n<p> Ven y descubre nuestras jornadas deportivas con atractivas tem\u00e1ticas y variadas intensidades. Los paquetes incluir\u00e1n la supervisi\u00f3n y animaci\u00f3n b\u00e1sica de las actividades propuestas, la comida del mediod\u00eda.<\/p>\n<div><\/div>\n<p> \u00a1Le ofreceremos una soluci\u00f3n individualizada y coherente para satisfacer mejor sus necesidades! Una cosa es segura, te sorprenderemos &#x1f60e;&#x270c;<\/p>\n<div><\/div>\n<p> \u00bfQu\u00e9 tema te interesar\u00eda entre los tres propuestos?<\/p><\/div>\n<\/div>\n<\/div>\n<\/div>\n<\/div>\n<\/div>\n<\/div>\n<\/div>\n<\/div>\n<\/div>\n<\/div>\n","protected":false},"excerpt":{"rendered":"<p>La puerta de entrada para redescubrir el teambuilding o el esp\u00edritu de equipo a trav\u00e9s del #Deporte &#x1f50b; La Toupie Bleue &#x1f300; crea y organiza sus propios d\u00edas de incentivos para empresas en el Var y los Alpes Mar\u00edtimos. A trav\u00e9s de sus paquetes de d\u00eda, sus equipos podr\u00e1n redescubrirse, colaborar de manera diferente pero &hellip; <a href=\"https:\/\/www.latoupiebleue.com\/es\/investigar\/\">Continued<\/a><\/p>\n","protected":false},"author":3,"featured_media":0,"parent":0,"menu_order":0,"comment_status":"closed","ping_status":"closed","template":"modeles-de-page\/page-resultats-recherche.php","meta":{"footnotes":""},"acf":[],"yoast_head":"<!-- This site is optimized with the Yoast SEO plugin v20.5 - https:\/\/yoast.com\/wordpress\/plugins\/seo\/ -->\n<title>Investigar - La Toupie Bleue<\/title>\n<meta name=\"description\" content=\"La puerta de entrada para redescubrir el teambuilding o el esp\u00edritu de equipo a trav\u00e9s del #Deporte &#x1f50b; La Toupie Bleue &#x1f300; crea y organiza\" \/>\n<meta name=\"robots\" content=\"index, follow, max-snippet:-1, max-image-preview:large, max-video-preview:-1\" \/>\n<link rel=\"canonical\" href=\"https:\/\/www.latoupiebleue.com\/es\/investigar\/\" \/>\n<meta property=\"og:locale\" content=\"es_ES\" \/>\n<meta property=\"og:type\" content=\"article\" \/>\n<meta property=\"og:title\" content=\"Investigar - La Toupie Bleue\" \/>\n<meta property=\"og:description\" content=\"La puerta de entrada para redescubrir el teambuilding o el esp\u00edritu de equipo a trav\u00e9s del #Deporte &#x1f50b; La Toupie Bleue &#x1f300; crea y organiza\" \/>\n<meta property=\"og:url\" content=\"https:\/\/www.latoupiebleue.com\/es\/investigar\/\" \/>\n<meta property=\"og:site_name\" content=\"La Toupie Bleue\" \/>\n<meta property=\"article:publisher\" content=\"https:\/\/www.facebook.com\/latoupiebleue\/\" \/>\n<meta property=\"article:modified_time\" content=\"2022-10-23T13:48:04+00:00\" \/>\n<meta name=\"twitter:card\" content=\"summary_large_image\" \/>\n<meta name=\"twitter:site\" content=\"@La_Toupie_Bleue\" \/>\n<script type=\"application\/ld+json\" class=\"yoast-schema-graph\">{\"@context\":\"https:\/\/schema.org\",\"@graph\":[{\"@type\":\"WebPage\",\"@id\":\"https:\/\/www.latoupiebleue.com\/es\/investigar\/\",\"url\":\"https:\/\/www.latoupiebleue.com\/es\/investigar\/\",\"name\":\"Investigar - La Toupie Bleue\",\"isPartOf\":{\"@id\":\"https:\/\/www.latoupiebleue.com\/es\/#website\"},\"datePublished\":\"2018-03-26T15:09:11+00:00\",\"dateModified\":\"2022-10-23T13:48:04+00:00\",\"description\":\"La puerta de entrada para redescubrir el teambuilding o el esp\u00edritu de equipo a trav\u00e9s del #Deporte &#x1f50b; La Toupie Bleue &#x1f300; crea y organiza\",\"breadcrumb\":{\"@id\":\"https:\/\/www.latoupiebleue.com\/es\/investigar\/#breadcrumb\"},\"inLanguage\":\"es\",\"potentialAction\":[{\"@type\":\"ReadAction\",\"target\":[\"https:\/\/www.latoupiebleue.com\/es\/investigar\/\"]}]},{\"@type\":\"BreadcrumbList\",\"@id\":\"https:\/\/www.latoupiebleue.com\/es\/investigar\/#breadcrumb\",\"itemListElement\":[{\"@type\":\"ListItem\",\"position\":1,\"name\":\"Accueil\",\"item\":\"https:\/\/www.latoupiebleue.com\/es\/\"},{\"@type\":\"ListItem\",\"position\":2,\"name\":\"Investigar\"}]},{\"@type\":\"WebSite\",\"@id\":\"https:\/\/www.latoupiebleue.com\/es\/#website\",\"url\":\"https:\/\/www.latoupiebleue.com\/es\/\",\"name\":\"La Toupie Bleue\",\"description\":\"La Toupie Bleue\",\"publisher\":{\"@id\":\"https:\/\/www.latoupiebleue.com\/es\/#organization\"},\"potentialAction\":[{\"@type\":\"SearchAction\",\"target\":{\"@type\":\"EntryPoint\",\"urlTemplate\":\"https:\/\/www.latoupiebleue.com\/es\/?s={search_term_string}\"},\"query-input\":\"required name=search_term_string\"}],\"inLanguage\":\"es\"},{\"@type\":\"Organization\",\"@id\":\"https:\/\/www.latoupiebleue.com\/es\/#organization\",\"name\":\"La Toupie Bleue\",\"url\":\"https:\/\/www.latoupiebleue.com\/es\/\",\"logo\":{\"@type\":\"ImageObject\",\"inLanguage\":\"es\",\"@id\":\"https:\/\/www.latoupiebleue.com\/es\/#\/schema\/logo\/image\/\",\"url\":\"https:\/\/www.latoupiebleue.com\/wp-content\/uploads\/2018\/03\/LOGO_6_LA_TOUPIE_BLEUE_BLANC_FOND_BLEU_FONCE.jpg\",\"contentUrl\":\"https:\/\/www.latoupiebleue.com\/wp-content\/uploads\/2018\/03\/LOGO_6_LA_TOUPIE_BLEUE_BLANC_FOND_BLEU_FONCE.jpg\",\"width\":1990,\"height\":1990,\"caption\":\"La Toupie Bleue\"},\"image\":{\"@id\":\"https:\/\/www.latoupiebleue.com\/es\/#\/schema\/logo\/image\/\"},\"sameAs\":[\"https:\/\/www.facebook.com\/latoupiebleue\/\",\"https:\/\/twitter.com\/La_Toupie_Bleue\",\"https:\/\/www.instagram.com\/latoupiebleue\/\"]}]}<\/script>\n<!-- \/ Yoast SEO plugin. -->","yoast_head_json":{"title":"Investigar - La Toupie Bleue","description":"La puerta de entrada para redescubrir el teambuilding o el esp\u00edritu de equipo a trav\u00e9s del #Deporte &#x1f50b; La Toupie Bleue &#x1f300; crea y organiza","robots":{"index":"index","follow":"follow","max-snippet":"max-snippet:-1","max-image-preview":"max-image-preview:large","max-video-preview":"max-video-preview:-1"},"canonical":"https:\/\/www.latoupiebleue.com\/es\/investigar\/","og_locale":"es_ES","og_type":"article","og_title":"Investigar - La Toupie Bleue","og_description":"La puerta de entrada para redescubrir el teambuilding o el esp\u00edritu de equipo a trav\u00e9s del #Deporte &#x1f50b; La Toupie Bleue &#x1f300; crea y organiza","og_url":"https:\/\/www.latoupiebleue.com\/es\/investigar\/","og_site_name":"La Toupie Bleue","article_publisher":"https:\/\/www.facebook.com\/latoupiebleue\/","article_modified_time":"2022-10-23T13:48:04+00:00","twitter_card":"summary_large_image","twitter_site":"@La_Toupie_Bleue","schema":{"@context":"https:\/\/schema.org","@graph":[{"@type":"WebPage","@id":"https:\/\/www.latoupiebleue.com\/es\/investigar\/","url":"https:\/\/www.latoupiebleue.com\/es\/investigar\/","name":"Investigar - La Toupie Bleue","isPartOf":{"@id":"https:\/\/www.latoupiebleue.com\/es\/#website"},"datePublished":"2018-03-26T15:09:11+00:00","dateModified":"2022-10-23T13:48:04+00:00","description":"La puerta de entrada para redescubrir el teambuilding o el esp\u00edritu de equipo a trav\u00e9s del #Deporte &#x1f50b; La Toupie Bleue &#x1f300; crea y organiza","breadcrumb":{"@id":"https:\/\/www.latoupiebleue.com\/es\/investigar\/#breadcrumb"},"inLanguage":"es","potentialAction":[{"@type":"ReadAction","target":["https:\/\/www.latoupiebleue.com\/es\/investigar\/"]}]},{"@type":"BreadcrumbList","@id":"https:\/\/www.latoupiebleue.com\/es\/investigar\/#breadcrumb","itemListElement":[{"@type":"ListItem","position":1,"name":"Accueil","item":"https:\/\/www.latoupiebleue.com\/es\/"},{"@type":"ListItem","position":2,"name":"Investigar"}]},{"@type":"WebSite","@id":"https:\/\/www.latoupiebleue.com\/es\/#website","url":"https:\/\/www.latoupiebleue.com\/es\/","name":"La Toupie Bleue","description":"La Toupie Bleue","publisher":{"@id":"https:\/\/www.latoupiebleue.com\/es\/#organization"},"potentialAction":[{"@type":"SearchAction","target":{"@type":"EntryPoint","urlTemplate":"https:\/\/www.latoupiebleue.com\/es\/?s={search_term_string}"},"query-input":"required name=search_term_string"}],"inLanguage":"es"},{"@type":"Organization","@id":"https:\/\/www.latoupiebleue.com\/es\/#organization","name":"La Toupie Bleue","url":"https:\/\/www.latoupiebleue.com\/es\/","logo":{"@type":"ImageObject","inLanguage":"es","@id":"https:\/\/www.latoupiebleue.com\/es\/#\/schema\/logo\/image\/","url":"https:\/\/www.latoupiebleue.com\/wp-content\/uploads\/2018\/03\/LOGO_6_LA_TOUPIE_BLEUE_BLANC_FOND_BLEU_FONCE.jpg","contentUrl":"https:\/\/www.latoupiebleue.com\/wp-content\/uploads\/2018\/03\/LOGO_6_LA_TOUPIE_BLEUE_BLANC_FOND_BLEU_FONCE.jpg","width":1990,"height":1990,"caption":"La Toupie Bleue"},"image":{"@id":"https:\/\/www.latoupiebleue.com\/es\/#\/schema\/logo\/image\/"},"sameAs":["https:\/\/www.facebook.com\/latoupiebleue\/","https:\/\/twitter.com\/La_Toupie_Bleue","https:\/\/www.instagram.com\/latoupiebleue\/"]}]}},"_links":{"self":[{"href":"https:\/\/www.latoupiebleue.com\/es\/wp-json\/wp\/v2\/pages\/6136"}],"collection":[{"href":"https:\/\/www.latoupiebleue.com\/es\/wp-json\/wp\/v2\/pages"}],"about":[{"href":"https:\/\/www.latoupiebleue.com\/es\/wp-json\/wp\/v2\/types\/page"}],"author":[{"embeddable":true,"href":"https:\/\/www.latoupiebleue.com\/es\/wp-json\/wp\/v2\/users\/3"}],"replies":[{"embeddable":true,"href":"https:\/\/www.latoupiebleue.com\/es\/wp-json\/wp\/v2\/comments?post=6136"}],"version-history":[{"count":2,"href":"https:\/\/www.latoupiebleue.com\/es\/wp-json\/wp\/v2\/pages\/6136\/revisions"}],"predecessor-version":[{"id":6138,"href":"https:\/\/www.latoupiebleue.com\/es\/wp-json\/wp\/v2\/pages\/6136\/revisions\/6138"}],"wp:attachment":[{"href":"https:\/\/www.latoupiebleue.com\/es\/wp-json\/wp\/v2\/media?parent=6136"}],"curies":[{"name":"wp","href":"https:\/\/api.w.org\/{rel}","templated":true}]}}