{"id":6182,"date":"2018-03-05T16:52:53","date_gmt":"2018-03-05T16:52:53","guid":{"rendered":"https:\/\/www.latoupiebleue.com\/tourisme-sportif\/"},"modified":"2024-03-25T15:24:15","modified_gmt":"2024-03-25T15:24:15","slug":"turismo-deportivo","status":"publish","type":"page","link":"https:\/\/www.latoupiebleue.com\/es\/turismo-deportivo\/","title":{"rendered":"El creador"},"content":{"rendered":"","protected":false},"excerpt":{"rendered":"","protected":false},"author":3,"featured_media":4922,"parent":0,"menu_order":0,"comment_status":"closed","ping_status":"closed","template":"modeles-de-page\/page-createur.php","meta":{"footnotes":""},"acf":[],"yoast_head":"<!-- This site is optimized with the Yoast SEO plugin v20.5 - https:\/\/yoast.com\/wordpress\/plugins\/seo\/ -->\n<title>R\u00e9mi Collat, creador del Toupie Bleue especializado en turismo deportivo<\/title>\n<meta name=\"description\" content=\"R\u00e9mi Collat est le cr\u00e9ateur de la soci\u00e9t\u00e9 La Toupie Bleue qui est sp\u00e9cialis\u00e9e dans le tourisme sportif et l&#039;organisation de vacance sportive dans le sud de la France et en Espagne.\" \/>\n<meta name=\"robots\" content=\"index, follow, max-snippet:-1, max-image-preview:large, max-video-preview:-1\" \/>\n<link rel=\"canonical\" href=\"https:\/\/www.latoupiebleue.com\/es\/turismo-deportivo\/\" \/>\n<meta property=\"og:locale\" content=\"es_ES\" \/>\n<meta property=\"og:type\" content=\"article\" \/>\n<meta property=\"og:title\" content=\"R\u00e9mi Collat, creador del Toupie Bleue especializado en turismo deportivo\" \/>\n<meta property=\"og:description\" content=\"R\u00e9mi Collat est le cr\u00e9ateur de la soci\u00e9t\u00e9 La Toupie Bleue qui est sp\u00e9cialis\u00e9e dans le tourisme sportif et l&#039;organisation de vacance sportive dans le sud de la France et en Espagne.\" \/>\n<meta property=\"og:url\" content=\"https:\/\/www.latoupiebleue.com\/es\/turismo-deportivo\/\" \/>\n<meta property=\"og:site_name\" content=\"La Toupie Bleue\" \/>\n<meta property=\"article:publisher\" content=\"https:\/\/www.facebook.com\/latoupiebleue\/\" \/>\n<meta property=\"article:modified_time\" content=\"2024-03-25T15:24:15+00:00\" \/>\n<meta property=\"og:image\" content=\"https:\/\/www.latoupiebleue.com\/wp-content\/uploads\/2022\/08\/REMI-COLLAT-2-scaled.jpg\" \/>\n\t<meta property=\"og:image:width\" content=\"2560\" \/>\n\t<meta property=\"og:image:height\" content=\"1920\" \/>\n\t<meta property=\"og:image:type\" content=\"image\/jpeg\" \/>\n<meta name=\"twitter:card\" content=\"summary_large_image\" \/>\n<meta name=\"twitter:site\" content=\"@La_Toupie_Bleue\" \/>\n<script type=\"application\/ld+json\" class=\"yoast-schema-graph\">{\"@context\":\"https:\/\/schema.org\",\"@graph\":[{\"@type\":\"WebPage\",\"@id\":\"https:\/\/www.latoupiebleue.com\/es\/turismo-deportivo\/\",\"url\":\"https:\/\/www.latoupiebleue.com\/es\/turismo-deportivo\/\",\"name\":\"R\u00e9mi Collat, creador del Toupie Bleue especializado en turismo deportivo\",\"isPartOf\":{\"@id\":\"https:\/\/www.latoupiebleue.com\/es\/#website\"},\"datePublished\":\"2018-03-05T16:52:53+00:00\",\"dateModified\":\"2024-03-25T15:24:15+00:00\",\"description\":\"R\u00e9mi Collat est le cr\u00e9ateur de la soci\u00e9t\u00e9 La Toupie Bleue qui est sp\u00e9cialis\u00e9e dans le tourisme sportif et l'organisation de vacance sportive dans le sud de la France et en Espagne.\",\"breadcrumb\":{\"@id\":\"https:\/\/www.latoupiebleue.com\/es\/turismo-deportivo\/#breadcrumb\"},\"inLanguage\":\"es\",\"potentialAction\":[{\"@type\":\"ReadAction\",\"target\":[\"https:\/\/www.latoupiebleue.com\/es\/turismo-deportivo\/\"]}]},{\"@type\":\"BreadcrumbList\",\"@id\":\"https:\/\/www.latoupiebleue.com\/es\/turismo-deportivo\/#breadcrumb\",\"itemListElement\":[{\"@type\":\"ListItem\",\"position\":1,\"name\":\"Accueil\",\"item\":\"https:\/\/www.latoupiebleue.com\/es\/\"},{\"@type\":\"ListItem\",\"position\":2,\"name\":\"El creador\"}]},{\"@type\":\"WebSite\",\"@id\":\"https:\/\/www.latoupiebleue.com\/es\/#website\",\"url\":\"https:\/\/www.latoupiebleue.com\/es\/\",\"name\":\"La Toupie Bleue\",\"description\":\"La Toupie Bleue\",\"publisher\":{\"@id\":\"https:\/\/www.latoupiebleue.com\/es\/#organization\"},\"potentialAction\":[{\"@type\":\"SearchAction\",\"target\":{\"@type\":\"EntryPoint\",\"urlTemplate\":\"https:\/\/www.latoupiebleue.com\/es\/?s={search_term_string}\"},\"query-input\":\"required name=search_term_string\"}],\"inLanguage\":\"es\"},{\"@type\":\"Organization\",\"@id\":\"https:\/\/www.latoupiebleue.com\/es\/#organization\",\"name\":\"La Toupie Bleue\",\"url\":\"https:\/\/www.latoupiebleue.com\/es\/\",\"logo\":{\"@type\":\"ImageObject\",\"inLanguage\":\"es\",\"@id\":\"https:\/\/www.latoupiebleue.com\/es\/#\/schema\/logo\/image\/\",\"url\":\"https:\/\/www.latoupiebleue.com\/wp-content\/uploads\/2018\/03\/LOGO_6_LA_TOUPIE_BLEUE_BLANC_FOND_BLEU_FONCE.jpg\",\"contentUrl\":\"https:\/\/www.latoupiebleue.com\/wp-content\/uploads\/2018\/03\/LOGO_6_LA_TOUPIE_BLEUE_BLANC_FOND_BLEU_FONCE.jpg\",\"width\":1990,\"height\":1990,\"caption\":\"La Toupie Bleue\"},\"image\":{\"@id\":\"https:\/\/www.latoupiebleue.com\/es\/#\/schema\/logo\/image\/\"},\"sameAs\":[\"https:\/\/www.facebook.com\/latoupiebleue\/\",\"https:\/\/twitter.com\/La_Toupie_Bleue\",\"https:\/\/www.instagram.com\/latoupiebleue\/\"]}]}<\/script>\n<!-- \/ Yoast SEO plugin. -->","yoast_head_json":{"title":"R\u00e9mi Collat, creador del Toupie Bleue especializado en turismo deportivo","description":"R\u00e9mi Collat est le cr\u00e9ateur de la soci\u00e9t\u00e9 La Toupie Bleue qui est sp\u00e9cialis\u00e9e dans le tourisme sportif et l'organisation de vacance sportive dans le sud de la France et en Espagne.","robots":{"index":"index","follow":"follow","max-snippet":"max-snippet:-1","max-image-preview":"max-image-preview:large","max-video-preview":"max-video-preview:-1"},"canonical":"https:\/\/www.latoupiebleue.com\/es\/turismo-deportivo\/","og_locale":"es_ES","og_type":"article","og_title":"R\u00e9mi Collat, creador del Toupie Bleue especializado en turismo deportivo","og_description":"R\u00e9mi Collat est le cr\u00e9ateur de la soci\u00e9t\u00e9 La Toupie Bleue qui est sp\u00e9cialis\u00e9e dans le tourisme sportif et l'organisation de vacance sportive dans le sud de la France et en Espagne.","og_url":"https:\/\/www.latoupiebleue.com\/es\/turismo-deportivo\/","og_site_name":"La Toupie Bleue","article_publisher":"https:\/\/www.facebook.com\/latoupiebleue\/","article_modified_time":"2024-03-25T15:24:15+00:00","og_image":[{"width":2560,"height":1920,"url":"https:\/\/www.latoupiebleue.com\/wp-content\/uploads\/2022\/08\/REMI-COLLAT-2-scaled.jpg","type":"image\/jpeg"}],"twitter_card":"summary_large_image","twitter_site":"@La_Toupie_Bleue","schema":{"@context":"https:\/\/schema.org","@graph":[{"@type":"WebPage","@id":"https:\/\/www.latoupiebleue.com\/es\/turismo-deportivo\/","url":"https:\/\/www.latoupiebleue.com\/es\/turismo-deportivo\/","name":"R\u00e9mi Collat, creador del Toupie Bleue especializado en turismo deportivo","isPartOf":{"@id":"https:\/\/www.latoupiebleue.com\/es\/#website"},"datePublished":"2018-03-05T16:52:53+00:00","dateModified":"2024-03-25T15:24:15+00:00","description":"R\u00e9mi Collat est le cr\u00e9ateur de la soci\u00e9t\u00e9 La Toupie Bleue qui est sp\u00e9cialis\u00e9e dans le tourisme sportif et l'organisation de vacance sportive dans le sud de la France et en Espagne.","breadcrumb":{"@id":"https:\/\/www.latoupiebleue.com\/es\/turismo-deportivo\/#breadcrumb"},"inLanguage":"es","potentialAction":[{"@type":"ReadAction","target":["https:\/\/www.latoupiebleue.com\/es\/turismo-deportivo\/"]}]},{"@type":"BreadcrumbList","@id":"https:\/\/www.latoupiebleue.com\/es\/turismo-deportivo\/#breadcrumb","itemListElement":[{"@type":"ListItem","position":1,"name":"Accueil","item":"https:\/\/www.latoupiebleue.com\/es\/"},{"@type":"ListItem","position":2,"name":"El creador"}]},{"@type":"WebSite","@id":"https:\/\/www.latoupiebleue.com\/es\/#website","url":"https:\/\/www.latoupiebleue.com\/es\/","name":"La Toupie Bleue","description":"La Toupie Bleue","publisher":{"@id":"https:\/\/www.latoupiebleue.com\/es\/#organization"},"potentialAction":[{"@type":"SearchAction","target":{"@type":"EntryPoint","urlTemplate":"https:\/\/www.latoupiebleue.com\/es\/?s={search_term_string}"},"query-input":"required name=search_term_string"}],"inLanguage":"es"},{"@type":"Organization","@id":"https:\/\/www.latoupiebleue.com\/es\/#organization","name":"La Toupie Bleue","url":"https:\/\/www.latoupiebleue.com\/es\/","logo":{"@type":"ImageObject","inLanguage":"es","@id":"https:\/\/www.latoupiebleue.com\/es\/#\/schema\/logo\/image\/","url":"https:\/\/www.latoupiebleue.com\/wp-content\/uploads\/2018\/03\/LOGO_6_LA_TOUPIE_BLEUE_BLANC_FOND_BLEU_FONCE.jpg","contentUrl":"https:\/\/www.latoupiebleue.com\/wp-content\/uploads\/2018\/03\/LOGO_6_LA_TOUPIE_BLEUE_BLANC_FOND_BLEU_FONCE.jpg","width":1990,"height":1990,"caption":"La Toupie Bleue"},"image":{"@id":"https:\/\/www.latoupiebleue.com\/es\/#\/schema\/logo\/image\/"},"sameAs":["https:\/\/www.facebook.com\/latoupiebleue\/","https:\/\/twitter.com\/La_Toupie_Bleue","https:\/\/www.instagram.com\/latoupiebleue\/"]}]}},"_links":{"self":[{"href":"https:\/\/www.latoupiebleue.com\/es\/wp-json\/wp\/v2\/pages\/6182"}],"collection":[{"href":"https:\/\/www.latoupiebleue.com\/es\/wp-json\/wp\/v2\/pages"}],"about":[{"href":"https:\/\/www.latoupiebleue.com\/es\/wp-json\/wp\/v2\/types\/page"}],"author":[{"embeddable":true,"href":"https:\/\/www.latoupiebleue.com\/es\/wp-json\/wp\/v2\/users\/3"}],"replies":[{"embeddable":true,"href":"https:\/\/www.latoupiebleue.com\/es\/wp-json\/wp\/v2\/comments?post=6182"}],"version-history":[{"count":2,"href":"https:\/\/www.latoupiebleue.com\/es\/wp-json\/wp\/v2\/pages\/6182\/revisions"}],"predecessor-version":[{"id":6184,"href":"https:\/\/www.latoupiebleue.com\/es\/wp-json\/wp\/v2\/pages\/6182\/revisions\/6184"}],"wp:featuredmedia":[{"embeddable":true,"href":"https:\/\/www.latoupiebleue.com\/es\/wp-json\/wp\/v2\/media\/4922"}],"wp:attachment":[{"href":"https:\/\/www.latoupiebleue.com\/es\/wp-json\/wp\/v2\/media?parent=6182"}],"curies":[{"name":"wp","href":"https:\/\/api.w.org\/{rel}","templated":true}]}}