{"id":6209,"date":"2018-02-08T13:35:22","date_gmt":"2018-02-08T13:35:22","guid":{"rendered":"https:\/\/www.latoupiebleue.com\/actualites-evenements\/"},"modified":"2022-10-23T13:55:26","modified_gmt":"2022-10-23T13:55:26","slug":"noticias-y-eventos","status":"publish","type":"page","link":"https:\/\/www.latoupiebleue.com\/es\/noticias-y-eventos\/","title":{"rendered":"Noticias y Eventos"},"content":{"rendered":"","protected":false},"excerpt":{"rendered":"","protected":false},"author":3,"featured_media":0,"parent":0,"menu_order":0,"comment_status":"closed","ping_status":"closed","template":"modeles-de-page\/page-liste-actus.php","meta":{"footnotes":""},"acf":[],"yoast_head":"<!-- This site is optimized with the Yoast SEO plugin v20.5 - https:\/\/yoast.com\/wordpress\/plugins\/seo\/ -->\n<title>Actualit\u00e9 et \u00e9v\u00e9nements - La Toupie Bleue agence de voyage sportif<\/title>\n<meta name=\"description\" content=\"Retrouver toutes les actualit\u00e9s et les \u00e9v\u00e9nements li\u00e9s aux s\u00e9jours, vacances, week-end, stages et voyages sportifs de la Toupie Bleue, agence de voyage sportif.\" \/>\n<meta name=\"robots\" content=\"index, follow, max-snippet:-1, max-image-preview:large, max-video-preview:-1\" \/>\n<link rel=\"canonical\" href=\"https:\/\/www.latoupiebleue.com\/es\/noticias-y-eventos\/\" \/>\n<meta property=\"og:locale\" content=\"es_ES\" \/>\n<meta property=\"og:type\" content=\"article\" \/>\n<meta property=\"og:title\" content=\"Actualit\u00e9 et \u00e9v\u00e9nements - La Toupie Bleue agence de voyage sportif\" \/>\n<meta property=\"og:description\" content=\"Retrouver toutes les actualit\u00e9s et les \u00e9v\u00e9nements li\u00e9s aux s\u00e9jours, vacances, week-end, stages et voyages sportifs de la Toupie Bleue, agence de voyage sportif.\" \/>\n<meta property=\"og:url\" content=\"https:\/\/www.latoupiebleue.com\/es\/noticias-y-eventos\/\" \/>\n<meta property=\"og:site_name\" content=\"La Toupie Bleue\" \/>\n<meta property=\"article:publisher\" content=\"https:\/\/www.facebook.com\/latoupiebleue\/\" \/>\n<meta property=\"article:modified_time\" content=\"2022-10-23T13:55:26+00:00\" \/>\n<meta name=\"twitter:card\" content=\"summary_large_image\" \/>\n<meta name=\"twitter:site\" content=\"@La_Toupie_Bleue\" \/>\n<script type=\"application\/ld+json\" class=\"yoast-schema-graph\">{\"@context\":\"https:\/\/schema.org\",\"@graph\":[{\"@type\":\"WebPage\",\"@id\":\"https:\/\/www.latoupiebleue.com\/es\/noticias-y-eventos\/\",\"url\":\"https:\/\/www.latoupiebleue.com\/es\/noticias-y-eventos\/\",\"name\":\"Actualit\u00e9 et \u00e9v\u00e9nements - La Toupie Bleue agence de voyage sportif\",\"isPartOf\":{\"@id\":\"https:\/\/www.latoupiebleue.com\/es\/#website\"},\"datePublished\":\"2018-02-08T13:35:22+00:00\",\"dateModified\":\"2022-10-23T13:55:26+00:00\",\"description\":\"Retrouver toutes les actualit\u00e9s et les \u00e9v\u00e9nements li\u00e9s aux s\u00e9jours, vacances, week-end, stages et voyages sportifs de la Toupie Bleue, agence de voyage sportif.\",\"breadcrumb\":{\"@id\":\"https:\/\/www.latoupiebleue.com\/es\/noticias-y-eventos\/#breadcrumb\"},\"inLanguage\":\"es\",\"potentialAction\":[{\"@type\":\"ReadAction\",\"target\":[\"https:\/\/www.latoupiebleue.com\/es\/noticias-y-eventos\/\"]}]},{\"@type\":\"BreadcrumbList\",\"@id\":\"https:\/\/www.latoupiebleue.com\/es\/noticias-y-eventos\/#breadcrumb\",\"itemListElement\":[{\"@type\":\"ListItem\",\"position\":1,\"name\":\"Accueil\",\"item\":\"https:\/\/www.latoupiebleue.com\/es\/\"},{\"@type\":\"ListItem\",\"position\":2,\"name\":\"Noticias y Eventos\"}]},{\"@type\":\"WebSite\",\"@id\":\"https:\/\/www.latoupiebleue.com\/es\/#website\",\"url\":\"https:\/\/www.latoupiebleue.com\/es\/\",\"name\":\"La Toupie Bleue\",\"description\":\"La Toupie Bleue\",\"publisher\":{\"@id\":\"https:\/\/www.latoupiebleue.com\/es\/#organization\"},\"potentialAction\":[{\"@type\":\"SearchAction\",\"target\":{\"@type\":\"EntryPoint\",\"urlTemplate\":\"https:\/\/www.latoupiebleue.com\/es\/?s={search_term_string}\"},\"query-input\":\"required name=search_term_string\"}],\"inLanguage\":\"es\"},{\"@type\":\"Organization\",\"@id\":\"https:\/\/www.latoupiebleue.com\/es\/#organization\",\"name\":\"La Toupie Bleue\",\"url\":\"https:\/\/www.latoupiebleue.com\/es\/\",\"logo\":{\"@type\":\"ImageObject\",\"inLanguage\":\"es\",\"@id\":\"https:\/\/www.latoupiebleue.com\/es\/#\/schema\/logo\/image\/\",\"url\":\"https:\/\/www.latoupiebleue.com\/wp-content\/uploads\/2018\/03\/LOGO_6_LA_TOUPIE_BLEUE_BLANC_FOND_BLEU_FONCE.jpg\",\"contentUrl\":\"https:\/\/www.latoupiebleue.com\/wp-content\/uploads\/2018\/03\/LOGO_6_LA_TOUPIE_BLEUE_BLANC_FOND_BLEU_FONCE.jpg\",\"width\":1990,\"height\":1990,\"caption\":\"La Toupie Bleue\"},\"image\":{\"@id\":\"https:\/\/www.latoupiebleue.com\/es\/#\/schema\/logo\/image\/\"},\"sameAs\":[\"https:\/\/www.facebook.com\/latoupiebleue\/\",\"https:\/\/twitter.com\/La_Toupie_Bleue\",\"https:\/\/www.instagram.com\/latoupiebleue\/\"]}]}<\/script>\n<!-- \/ Yoast SEO plugin. -->","yoast_head_json":{"title":"Actualit\u00e9 et \u00e9v\u00e9nements - La Toupie Bleue agence de voyage sportif","description":"Retrouver toutes les actualit\u00e9s et les \u00e9v\u00e9nements li\u00e9s aux s\u00e9jours, vacances, week-end, stages et voyages sportifs de la Toupie Bleue, agence de voyage sportif.","robots":{"index":"index","follow":"follow","max-snippet":"max-snippet:-1","max-image-preview":"max-image-preview:large","max-video-preview":"max-video-preview:-1"},"canonical":"https:\/\/www.latoupiebleue.com\/es\/noticias-y-eventos\/","og_locale":"es_ES","og_type":"article","og_title":"Actualit\u00e9 et \u00e9v\u00e9nements - La Toupie Bleue agence de voyage sportif","og_description":"Retrouver toutes les actualit\u00e9s et les \u00e9v\u00e9nements li\u00e9s aux s\u00e9jours, vacances, week-end, stages et voyages sportifs de la Toupie Bleue, agence de voyage sportif.","og_url":"https:\/\/www.latoupiebleue.com\/es\/noticias-y-eventos\/","og_site_name":"La Toupie Bleue","article_publisher":"https:\/\/www.facebook.com\/latoupiebleue\/","article_modified_time":"2022-10-23T13:55:26+00:00","twitter_card":"summary_large_image","twitter_site":"@La_Toupie_Bleue","schema":{"@context":"https:\/\/schema.org","@graph":[{"@type":"WebPage","@id":"https:\/\/www.latoupiebleue.com\/es\/noticias-y-eventos\/","url":"https:\/\/www.latoupiebleue.com\/es\/noticias-y-eventos\/","name":"Actualit\u00e9 et \u00e9v\u00e9nements - La Toupie Bleue agence de voyage sportif","isPartOf":{"@id":"https:\/\/www.latoupiebleue.com\/es\/#website"},"datePublished":"2018-02-08T13:35:22+00:00","dateModified":"2022-10-23T13:55:26+00:00","description":"Retrouver toutes les actualit\u00e9s et les \u00e9v\u00e9nements li\u00e9s aux s\u00e9jours, vacances, week-end, stages et voyages sportifs de la Toupie Bleue, agence de voyage sportif.","breadcrumb":{"@id":"https:\/\/www.latoupiebleue.com\/es\/noticias-y-eventos\/#breadcrumb"},"inLanguage":"es","potentialAction":[{"@type":"ReadAction","target":["https:\/\/www.latoupiebleue.com\/es\/noticias-y-eventos\/"]}]},{"@type":"BreadcrumbList","@id":"https:\/\/www.latoupiebleue.com\/es\/noticias-y-eventos\/#breadcrumb","itemListElement":[{"@type":"ListItem","position":1,"name":"Accueil","item":"https:\/\/www.latoupiebleue.com\/es\/"},{"@type":"ListItem","position":2,"name":"Noticias y Eventos"}]},{"@type":"WebSite","@id":"https:\/\/www.latoupiebleue.com\/es\/#website","url":"https:\/\/www.latoupiebleue.com\/es\/","name":"La Toupie Bleue","description":"La Toupie Bleue","publisher":{"@id":"https:\/\/www.latoupiebleue.com\/es\/#organization"},"potentialAction":[{"@type":"SearchAction","target":{"@type":"EntryPoint","urlTemplate":"https:\/\/www.latoupiebleue.com\/es\/?s={search_term_string}"},"query-input":"required name=search_term_string"}],"inLanguage":"es"},{"@type":"Organization","@id":"https:\/\/www.latoupiebleue.com\/es\/#organization","name":"La Toupie Bleue","url":"https:\/\/www.latoupiebleue.com\/es\/","logo":{"@type":"ImageObject","inLanguage":"es","@id":"https:\/\/www.latoupiebleue.com\/es\/#\/schema\/logo\/image\/","url":"https:\/\/www.latoupiebleue.com\/wp-content\/uploads\/2018\/03\/LOGO_6_LA_TOUPIE_BLEUE_BLANC_FOND_BLEU_FONCE.jpg","contentUrl":"https:\/\/www.latoupiebleue.com\/wp-content\/uploads\/2018\/03\/LOGO_6_LA_TOUPIE_BLEUE_BLANC_FOND_BLEU_FONCE.jpg","width":1990,"height":1990,"caption":"La Toupie Bleue"},"image":{"@id":"https:\/\/www.latoupiebleue.com\/es\/#\/schema\/logo\/image\/"},"sameAs":["https:\/\/www.facebook.com\/latoupiebleue\/","https:\/\/twitter.com\/La_Toupie_Bleue","https:\/\/www.instagram.com\/latoupiebleue\/"]}]}},"_links":{"self":[{"href":"https:\/\/www.latoupiebleue.com\/es\/wp-json\/wp\/v2\/pages\/6209"}],"collection":[{"href":"https:\/\/www.latoupiebleue.com\/es\/wp-json\/wp\/v2\/pages"}],"about":[{"href":"https:\/\/www.latoupiebleue.com\/es\/wp-json\/wp\/v2\/types\/page"}],"author":[{"embeddable":true,"href":"https:\/\/www.latoupiebleue.com\/es\/wp-json\/wp\/v2\/users\/3"}],"replies":[{"embeddable":true,"href":"https:\/\/www.latoupiebleue.com\/es\/wp-json\/wp\/v2\/comments?post=6209"}],"version-history":[{"count":2,"href":"https:\/\/www.latoupiebleue.com\/es\/wp-json\/wp\/v2\/pages\/6209\/revisions"}],"predecessor-version":[{"id":6211,"href":"https:\/\/www.latoupiebleue.com\/es\/wp-json\/wp\/v2\/pages\/6209\/revisions\/6211"}],"wp:attachment":[{"href":"https:\/\/www.latoupiebleue.com\/es\/wp-json\/wp\/v2\/media?parent=6209"}],"curies":[{"name":"wp","href":"https:\/\/api.w.org\/{rel}","templated":true}]}}