{"id":6227,"date":"2018-02-08T13:33:57","date_gmt":"2018-02-08T13:33:57","guid":{"rendered":"https:\/\/www.latoupiebleue.com\/thematique-sejour-sportif\/"},"modified":"2022-10-23T13:56:24","modified_gmt":"2022-10-23T13:56:24","slug":"estancia-deportiva-tematica","status":"publish","type":"page","link":"https:\/\/www.latoupiebleue.com\/es\/estancia-deportiva-tematica\/","title":{"rendered":"Nuestros temas"},"content":{"rendered":"<p style=\"text-align: left;\">La Toupie Bleue quiere darle &quot;el impulso para los viajes deportivos&quot;. A trav\u00e9s de los temas a continuaci\u00f3n, puede proyectarse f\u00e1cilmente de acuerdo con:<\/p>\n<ul>\n<li style=\"text-align: left;\"> <strong>la duraci\u00f3n<\/strong> de su pr\u00f3xima estancia<\/li>\n<li style=\"text-align: left;\"> <strong>la intensidad f\u00edsica<\/strong> que quieres encontrar en tu paquete deportivo<\/li>\n<li style=\"text-align: left;\"> el <strong>contexto de tu experiencia deportiva<\/strong> (entre amigos, familiares, compa\u00f1eros de empresa, etc.)<\/li>\n<li style=\"text-align: left;\"> del <strong>destino<\/strong><\/li>\n<\/ul>\n<p> Un consejo: rev\u00edsalos todos, d\u00e9jate guiar y \u00a1cu\u00e9ntanos qu\u00e9 te emociona! Por \u00faltimo, si no se especific\u00f3 una actividad deportiva en alguna de las tem\u00e1ticas que te interesar\u00eda, no dudes en enviarnos un <a href=\"https:\/\/www.latoupiebleue.com\/es\/viaje-deportivo-personalizado\/\">presupuesto de viaje personalizado.<\/a><\/p>\n","protected":false},"excerpt":{"rendered":"<p>La Toupie Bleue quiere darle &quot;el impulso para los viajes deportivos&quot;. A trav\u00e9s de los temas a continuaci\u00f3n, puede proyectarse f\u00e1cilmente de acuerdo con: la duraci\u00f3n de su pr\u00f3xima estancia la intensidad f\u00edsica que quieres encontrar en tu paquete deportivo el contexto de tu experiencia deportiva (entre amigos, familiares, compa\u00f1eros de empresa, etc.) del destino &hellip; <a href=\"https:\/\/www.latoupiebleue.com\/es\/estancia-deportiva-tematica\/\">Continued<\/a><\/p>\n","protected":false},"author":3,"featured_media":0,"parent":0,"menu_order":0,"comment_status":"closed","ping_status":"closed","template":"modeles-de-page\/page-nos-thematiques.php","meta":{"footnotes":""},"acf":[],"yoast_head":"<!-- This site is optimized with the Yoast SEO plugin v20.5 - https:\/\/yoast.com\/wordpress\/plugins\/seo\/ -->\n<title>S\u00e9jour sportif d\u00e9couvrez nos th\u00e9matiques de vacances sportives<\/title>\n<meta name=\"description\" content=\"Nos th\u00e9matiques de s\u00e9jour sportif se d\u00e9composent comme ceci : Sport &amp; adr\u00e9naline; vamos \u00e0 Barcelona, les incontournables, sport &amp; week end, les stages sportifs.\" \/>\n<meta name=\"robots\" content=\"index, follow, max-snippet:-1, max-image-preview:large, max-video-preview:-1\" \/>\n<link rel=\"canonical\" href=\"https:\/\/www.latoupiebleue.com\/es\/estancia-deportiva-tematica\/\" \/>\n<meta property=\"og:locale\" content=\"es_ES\" \/>\n<meta property=\"og:type\" content=\"article\" \/>\n<meta property=\"og:title\" content=\"S\u00e9jour sportif d\u00e9couvrez nos th\u00e9matiques de vacances sportives\" \/>\n<meta property=\"og:description\" content=\"Nos th\u00e9matiques de s\u00e9jour sportif se d\u00e9composent comme ceci : Sport &amp; adr\u00e9naline; vamos \u00e0 Barcelona, les incontournables, sport &amp; week end, les stages sportifs.\" \/>\n<meta property=\"og:url\" content=\"https:\/\/www.latoupiebleue.com\/es\/estancia-deportiva-tematica\/\" \/>\n<meta property=\"og:site_name\" content=\"La Toupie Bleue\" \/>\n<meta property=\"article:publisher\" content=\"https:\/\/www.facebook.com\/latoupiebleue\/\" \/>\n<meta property=\"article:modified_time\" content=\"2022-10-23T13:56:24+00:00\" \/>\n<meta name=\"twitter:card\" content=\"summary_large_image\" \/>\n<meta name=\"twitter:site\" content=\"@La_Toupie_Bleue\" \/>\n<script type=\"application\/ld+json\" class=\"yoast-schema-graph\">{\"@context\":\"https:\/\/schema.org\",\"@graph\":[{\"@type\":\"WebPage\",\"@id\":\"https:\/\/www.latoupiebleue.com\/es\/estancia-deportiva-tematica\/\",\"url\":\"https:\/\/www.latoupiebleue.com\/es\/estancia-deportiva-tematica\/\",\"name\":\"S\u00e9jour sportif d\u00e9couvrez nos th\u00e9matiques de vacances sportives\",\"isPartOf\":{\"@id\":\"https:\/\/www.latoupiebleue.com\/es\/#website\"},\"datePublished\":\"2018-02-08T13:33:57+00:00\",\"dateModified\":\"2022-10-23T13:56:24+00:00\",\"description\":\"Nos th\u00e9matiques de s\u00e9jour sportif se d\u00e9composent comme ceci : Sport & adr\u00e9naline; vamos \u00e0 Barcelona, les incontournables, sport & week end, les stages sportifs.\",\"breadcrumb\":{\"@id\":\"https:\/\/www.latoupiebleue.com\/es\/estancia-deportiva-tematica\/#breadcrumb\"},\"inLanguage\":\"es\",\"potentialAction\":[{\"@type\":\"ReadAction\",\"target\":[\"https:\/\/www.latoupiebleue.com\/es\/estancia-deportiva-tematica\/\"]}]},{\"@type\":\"BreadcrumbList\",\"@id\":\"https:\/\/www.latoupiebleue.com\/es\/estancia-deportiva-tematica\/#breadcrumb\",\"itemListElement\":[{\"@type\":\"ListItem\",\"position\":1,\"name\":\"Accueil\",\"item\":\"https:\/\/www.latoupiebleue.com\/es\/\"},{\"@type\":\"ListItem\",\"position\":2,\"name\":\"Nuestros temas\"}]},{\"@type\":\"WebSite\",\"@id\":\"https:\/\/www.latoupiebleue.com\/es\/#website\",\"url\":\"https:\/\/www.latoupiebleue.com\/es\/\",\"name\":\"La Toupie Bleue\",\"description\":\"La Toupie Bleue\",\"publisher\":{\"@id\":\"https:\/\/www.latoupiebleue.com\/es\/#organization\"},\"potentialAction\":[{\"@type\":\"SearchAction\",\"target\":{\"@type\":\"EntryPoint\",\"urlTemplate\":\"https:\/\/www.latoupiebleue.com\/es\/?s={search_term_string}\"},\"query-input\":\"required name=search_term_string\"}],\"inLanguage\":\"es\"},{\"@type\":\"Organization\",\"@id\":\"https:\/\/www.latoupiebleue.com\/es\/#organization\",\"name\":\"La Toupie Bleue\",\"url\":\"https:\/\/www.latoupiebleue.com\/es\/\",\"logo\":{\"@type\":\"ImageObject\",\"inLanguage\":\"es\",\"@id\":\"https:\/\/www.latoupiebleue.com\/es\/#\/schema\/logo\/image\/\",\"url\":\"https:\/\/www.latoupiebleue.com\/wp-content\/uploads\/2018\/03\/LOGO_6_LA_TOUPIE_BLEUE_BLANC_FOND_BLEU_FONCE.jpg\",\"contentUrl\":\"https:\/\/www.latoupiebleue.com\/wp-content\/uploads\/2018\/03\/LOGO_6_LA_TOUPIE_BLEUE_BLANC_FOND_BLEU_FONCE.jpg\",\"width\":1990,\"height\":1990,\"caption\":\"La Toupie Bleue\"},\"image\":{\"@id\":\"https:\/\/www.latoupiebleue.com\/es\/#\/schema\/logo\/image\/\"},\"sameAs\":[\"https:\/\/www.facebook.com\/latoupiebleue\/\",\"https:\/\/twitter.com\/La_Toupie_Bleue\",\"https:\/\/www.instagram.com\/latoupiebleue\/\"]}]}<\/script>\n<!-- \/ Yoast SEO plugin. -->","yoast_head_json":{"title":"S\u00e9jour sportif d\u00e9couvrez nos th\u00e9matiques de vacances sportives","description":"Nos th\u00e9matiques de s\u00e9jour sportif se d\u00e9composent comme ceci : Sport & adr\u00e9naline; vamos \u00e0 Barcelona, les incontournables, sport & week end, les stages sportifs.","robots":{"index":"index","follow":"follow","max-snippet":"max-snippet:-1","max-image-preview":"max-image-preview:large","max-video-preview":"max-video-preview:-1"},"canonical":"https:\/\/www.latoupiebleue.com\/es\/estancia-deportiva-tematica\/","og_locale":"es_ES","og_type":"article","og_title":"S\u00e9jour sportif d\u00e9couvrez nos th\u00e9matiques de vacances sportives","og_description":"Nos th\u00e9matiques de s\u00e9jour sportif se d\u00e9composent comme ceci : Sport & adr\u00e9naline; vamos \u00e0 Barcelona, les incontournables, sport & week end, les stages sportifs.","og_url":"https:\/\/www.latoupiebleue.com\/es\/estancia-deportiva-tematica\/","og_site_name":"La Toupie Bleue","article_publisher":"https:\/\/www.facebook.com\/latoupiebleue\/","article_modified_time":"2022-10-23T13:56:24+00:00","twitter_card":"summary_large_image","twitter_site":"@La_Toupie_Bleue","schema":{"@context":"https:\/\/schema.org","@graph":[{"@type":"WebPage","@id":"https:\/\/www.latoupiebleue.com\/es\/estancia-deportiva-tematica\/","url":"https:\/\/www.latoupiebleue.com\/es\/estancia-deportiva-tematica\/","name":"S\u00e9jour sportif d\u00e9couvrez nos th\u00e9matiques de vacances sportives","isPartOf":{"@id":"https:\/\/www.latoupiebleue.com\/es\/#website"},"datePublished":"2018-02-08T13:33:57+00:00","dateModified":"2022-10-23T13:56:24+00:00","description":"Nos th\u00e9matiques de s\u00e9jour sportif se d\u00e9composent comme ceci : Sport & adr\u00e9naline; vamos \u00e0 Barcelona, les incontournables, sport & week end, les stages sportifs.","breadcrumb":{"@id":"https:\/\/www.latoupiebleue.com\/es\/estancia-deportiva-tematica\/#breadcrumb"},"inLanguage":"es","potentialAction":[{"@type":"ReadAction","target":["https:\/\/www.latoupiebleue.com\/es\/estancia-deportiva-tematica\/"]}]},{"@type":"BreadcrumbList","@id":"https:\/\/www.latoupiebleue.com\/es\/estancia-deportiva-tematica\/#breadcrumb","itemListElement":[{"@type":"ListItem","position":1,"name":"Accueil","item":"https:\/\/www.latoupiebleue.com\/es\/"},{"@type":"ListItem","position":2,"name":"Nuestros temas"}]},{"@type":"WebSite","@id":"https:\/\/www.latoupiebleue.com\/es\/#website","url":"https:\/\/www.latoupiebleue.com\/es\/","name":"La Toupie Bleue","description":"La Toupie Bleue","publisher":{"@id":"https:\/\/www.latoupiebleue.com\/es\/#organization"},"potentialAction":[{"@type":"SearchAction","target":{"@type":"EntryPoint","urlTemplate":"https:\/\/www.latoupiebleue.com\/es\/?s={search_term_string}"},"query-input":"required name=search_term_string"}],"inLanguage":"es"},{"@type":"Organization","@id":"https:\/\/www.latoupiebleue.com\/es\/#organization","name":"La Toupie Bleue","url":"https:\/\/www.latoupiebleue.com\/es\/","logo":{"@type":"ImageObject","inLanguage":"es","@id":"https:\/\/www.latoupiebleue.com\/es\/#\/schema\/logo\/image\/","url":"https:\/\/www.latoupiebleue.com\/wp-content\/uploads\/2018\/03\/LOGO_6_LA_TOUPIE_BLEUE_BLANC_FOND_BLEU_FONCE.jpg","contentUrl":"https:\/\/www.latoupiebleue.com\/wp-content\/uploads\/2018\/03\/LOGO_6_LA_TOUPIE_BLEUE_BLANC_FOND_BLEU_FONCE.jpg","width":1990,"height":1990,"caption":"La Toupie Bleue"},"image":{"@id":"https:\/\/www.latoupiebleue.com\/es\/#\/schema\/logo\/image\/"},"sameAs":["https:\/\/www.facebook.com\/latoupiebleue\/","https:\/\/twitter.com\/La_Toupie_Bleue","https:\/\/www.instagram.com\/latoupiebleue\/"]}]}},"_links":{"self":[{"href":"https:\/\/www.latoupiebleue.com\/es\/wp-json\/wp\/v2\/pages\/6227"}],"collection":[{"href":"https:\/\/www.latoupiebleue.com\/es\/wp-json\/wp\/v2\/pages"}],"about":[{"href":"https:\/\/www.latoupiebleue.com\/es\/wp-json\/wp\/v2\/types\/page"}],"author":[{"embeddable":true,"href":"https:\/\/www.latoupiebleue.com\/es\/wp-json\/wp\/v2\/users\/3"}],"replies":[{"embeddable":true,"href":"https:\/\/www.latoupiebleue.com\/es\/wp-json\/wp\/v2\/comments?post=6227"}],"version-history":[{"count":2,"href":"https:\/\/www.latoupiebleue.com\/es\/wp-json\/wp\/v2\/pages\/6227\/revisions"}],"predecessor-version":[{"id":6229,"href":"https:\/\/www.latoupiebleue.com\/es\/wp-json\/wp\/v2\/pages\/6227\/revisions\/6229"}],"wp:attachment":[{"href":"https:\/\/www.latoupiebleue.com\/es\/wp-json\/wp\/v2\/media?parent=6227"}],"curies":[{"name":"wp","href":"https:\/\/api.w.org\/{rel}","templated":true}]}}