{"id":6236,"date":"2018-02-08T13:33:18","date_gmt":"2018-02-08T13:33:18","guid":{"rendered":"https:\/\/www.latoupiebleue.com\/voyage-sportif\/"},"modified":"2022-10-23T13:56:43","modified_gmt":"2022-10-23T13:56:43","slug":"viaje-deportivo","status":"publish","type":"page","link":"https:\/\/www.latoupiebleue.com\/es\/viaje-deportivo\/","title":{"rendered":"Nuestros viajes deportivos"},"content":{"rendered":"","protected":false},"excerpt":{"rendered":"","protected":false},"author":3,"featured_media":3968,"parent":0,"menu_order":0,"comment_status":"closed","ping_status":"closed","template":"modeles-de-page\/page-nos-voyages-sportifs.php","meta":{"footnotes":""},"acf":[],"yoast_head":"<!-- This site is optimized with the Yoast SEO plugin v20.5 - https:\/\/yoast.com\/wordpress\/plugins\/seo\/ -->\n<title>Votre Voyage Sportif \u00e0 s\u00e9lectionner parmis notre s\u00e9lection et nos id\u00e9es<\/title>\n<meta name=\"description\" content=\"La Toupie Bleue s\u00e9lectionne ou vous organise votre voyage sportif personnalis\u00e9, s\u00e9jour sportif ou week end aventure, de l&#039;h\u00e9bergement dans sa globalit\u00e9.\" \/>\n<meta name=\"robots\" content=\"index, follow, max-snippet:-1, max-image-preview:large, max-video-preview:-1\" \/>\n<link rel=\"canonical\" href=\"https:\/\/www.latoupiebleue.com\/es\/viaje-deportivo\/\" \/>\n<meta property=\"og:locale\" content=\"es_ES\" \/>\n<meta property=\"og:type\" content=\"article\" \/>\n<meta property=\"og:title\" content=\"Votre Voyage Sportif \u00e0 s\u00e9lectionner parmis notre s\u00e9lection et nos id\u00e9es\" \/>\n<meta property=\"og:description\" content=\"La Toupie Bleue s\u00e9lectionne ou vous organise votre voyage sportif personnalis\u00e9, s\u00e9jour sportif ou week end aventure, de l&#039;h\u00e9bergement dans sa globalit\u00e9.\" \/>\n<meta property=\"og:url\" content=\"https:\/\/www.latoupiebleue.com\/es\/viaje-deportivo\/\" \/>\n<meta property=\"og:site_name\" content=\"La Toupie Bleue\" \/>\n<meta property=\"article:publisher\" content=\"https:\/\/www.facebook.com\/latoupiebleue\/\" \/>\n<meta property=\"article:modified_time\" content=\"2022-10-23T13:56:43+00:00\" \/>\n<meta property=\"og:image\" content=\"https:\/\/www.latoupiebleue.com\/wp-content\/uploads\/2019\/08\/GOPR9589-1024x768.jpg\" \/>\n\t<meta property=\"og:image:width\" content=\"1024\" \/>\n\t<meta property=\"og:image:height\" content=\"768\" \/>\n\t<meta property=\"og:image:type\" content=\"image\/jpeg\" \/>\n<meta name=\"twitter:card\" content=\"summary_large_image\" \/>\n<meta name=\"twitter:site\" content=\"@La_Toupie_Bleue\" \/>\n<script type=\"application\/ld+json\" class=\"yoast-schema-graph\">{\"@context\":\"https:\/\/schema.org\",\"@graph\":[{\"@type\":\"WebPage\",\"@id\":\"https:\/\/www.latoupiebleue.com\/es\/viaje-deportivo\/\",\"url\":\"https:\/\/www.latoupiebleue.com\/es\/viaje-deportivo\/\",\"name\":\"Votre Voyage Sportif \u00e0 s\u00e9lectionner parmis notre s\u00e9lection et nos id\u00e9es\",\"isPartOf\":{\"@id\":\"https:\/\/www.latoupiebleue.com\/es\/#website\"},\"datePublished\":\"2018-02-08T13:33:18+00:00\",\"dateModified\":\"2022-10-23T13:56:43+00:00\",\"description\":\"La Toupie Bleue s\u00e9lectionne ou vous organise votre voyage sportif personnalis\u00e9, s\u00e9jour sportif ou week end aventure, de l'h\u00e9bergement dans sa globalit\u00e9.\",\"breadcrumb\":{\"@id\":\"https:\/\/www.latoupiebleue.com\/es\/viaje-deportivo\/#breadcrumb\"},\"inLanguage\":\"es\",\"potentialAction\":[{\"@type\":\"ReadAction\",\"target\":[\"https:\/\/www.latoupiebleue.com\/es\/viaje-deportivo\/\"]}]},{\"@type\":\"BreadcrumbList\",\"@id\":\"https:\/\/www.latoupiebleue.com\/es\/viaje-deportivo\/#breadcrumb\",\"itemListElement\":[{\"@type\":\"ListItem\",\"position\":1,\"name\":\"Accueil\",\"item\":\"https:\/\/www.latoupiebleue.com\/es\/\"},{\"@type\":\"ListItem\",\"position\":2,\"name\":\"Nuestros viajes deportivos\"}]},{\"@type\":\"WebSite\",\"@id\":\"https:\/\/www.latoupiebleue.com\/es\/#website\",\"url\":\"https:\/\/www.latoupiebleue.com\/es\/\",\"name\":\"La Toupie Bleue\",\"description\":\"La Toupie Bleue\",\"publisher\":{\"@id\":\"https:\/\/www.latoupiebleue.com\/es\/#organization\"},\"potentialAction\":[{\"@type\":\"SearchAction\",\"target\":{\"@type\":\"EntryPoint\",\"urlTemplate\":\"https:\/\/www.latoupiebleue.com\/es\/?s={search_term_string}\"},\"query-input\":\"required name=search_term_string\"}],\"inLanguage\":\"es\"},{\"@type\":\"Organization\",\"@id\":\"https:\/\/www.latoupiebleue.com\/es\/#organization\",\"name\":\"La Toupie Bleue\",\"url\":\"https:\/\/www.latoupiebleue.com\/es\/\",\"logo\":{\"@type\":\"ImageObject\",\"inLanguage\":\"es\",\"@id\":\"https:\/\/www.latoupiebleue.com\/es\/#\/schema\/logo\/image\/\",\"url\":\"https:\/\/www.latoupiebleue.com\/wp-content\/uploads\/2018\/03\/LOGO_6_LA_TOUPIE_BLEUE_BLANC_FOND_BLEU_FONCE.jpg\",\"contentUrl\":\"https:\/\/www.latoupiebleue.com\/wp-content\/uploads\/2018\/03\/LOGO_6_LA_TOUPIE_BLEUE_BLANC_FOND_BLEU_FONCE.jpg\",\"width\":1990,\"height\":1990,\"caption\":\"La Toupie Bleue\"},\"image\":{\"@id\":\"https:\/\/www.latoupiebleue.com\/es\/#\/schema\/logo\/image\/\"},\"sameAs\":[\"https:\/\/www.facebook.com\/latoupiebleue\/\",\"https:\/\/twitter.com\/La_Toupie_Bleue\",\"https:\/\/www.instagram.com\/latoupiebleue\/\"]}]}<\/script>\n<!-- \/ Yoast SEO plugin. -->","yoast_head_json":{"title":"Votre Voyage Sportif \u00e0 s\u00e9lectionner parmis notre s\u00e9lection et nos id\u00e9es","description":"La Toupie Bleue s\u00e9lectionne ou vous organise votre voyage sportif personnalis\u00e9, s\u00e9jour sportif ou week end aventure, de l'h\u00e9bergement dans sa globalit\u00e9.","robots":{"index":"index","follow":"follow","max-snippet":"max-snippet:-1","max-image-preview":"max-image-preview:large","max-video-preview":"max-video-preview:-1"},"canonical":"https:\/\/www.latoupiebleue.com\/es\/viaje-deportivo\/","og_locale":"es_ES","og_type":"article","og_title":"Votre Voyage Sportif \u00e0 s\u00e9lectionner parmis notre s\u00e9lection et nos id\u00e9es","og_description":"La Toupie Bleue s\u00e9lectionne ou vous organise votre voyage sportif personnalis\u00e9, s\u00e9jour sportif ou week end aventure, de l'h\u00e9bergement dans sa globalit\u00e9.","og_url":"https:\/\/www.latoupiebleue.com\/es\/viaje-deportivo\/","og_site_name":"La Toupie Bleue","article_publisher":"https:\/\/www.facebook.com\/latoupiebleue\/","article_modified_time":"2022-10-23T13:56:43+00:00","og_image":[{"width":1024,"height":768,"url":"https:\/\/www.latoupiebleue.com\/wp-content\/uploads\/2019\/08\/GOPR9589-1024x768.jpg","type":"image\/jpeg"}],"twitter_card":"summary_large_image","twitter_site":"@La_Toupie_Bleue","schema":{"@context":"https:\/\/schema.org","@graph":[{"@type":"WebPage","@id":"https:\/\/www.latoupiebleue.com\/es\/viaje-deportivo\/","url":"https:\/\/www.latoupiebleue.com\/es\/viaje-deportivo\/","name":"Votre Voyage Sportif \u00e0 s\u00e9lectionner parmis notre s\u00e9lection et nos id\u00e9es","isPartOf":{"@id":"https:\/\/www.latoupiebleue.com\/es\/#website"},"datePublished":"2018-02-08T13:33:18+00:00","dateModified":"2022-10-23T13:56:43+00:00","description":"La Toupie Bleue s\u00e9lectionne ou vous organise votre voyage sportif personnalis\u00e9, s\u00e9jour sportif ou week end aventure, de l'h\u00e9bergement dans sa globalit\u00e9.","breadcrumb":{"@id":"https:\/\/www.latoupiebleue.com\/es\/viaje-deportivo\/#breadcrumb"},"inLanguage":"es","potentialAction":[{"@type":"ReadAction","target":["https:\/\/www.latoupiebleue.com\/es\/viaje-deportivo\/"]}]},{"@type":"BreadcrumbList","@id":"https:\/\/www.latoupiebleue.com\/es\/viaje-deportivo\/#breadcrumb","itemListElement":[{"@type":"ListItem","position":1,"name":"Accueil","item":"https:\/\/www.latoupiebleue.com\/es\/"},{"@type":"ListItem","position":2,"name":"Nuestros viajes deportivos"}]},{"@type":"WebSite","@id":"https:\/\/www.latoupiebleue.com\/es\/#website","url":"https:\/\/www.latoupiebleue.com\/es\/","name":"La Toupie Bleue","description":"La Toupie Bleue","publisher":{"@id":"https:\/\/www.latoupiebleue.com\/es\/#organization"},"potentialAction":[{"@type":"SearchAction","target":{"@type":"EntryPoint","urlTemplate":"https:\/\/www.latoupiebleue.com\/es\/?s={search_term_string}"},"query-input":"required name=search_term_string"}],"inLanguage":"es"},{"@type":"Organization","@id":"https:\/\/www.latoupiebleue.com\/es\/#organization","name":"La Toupie Bleue","url":"https:\/\/www.latoupiebleue.com\/es\/","logo":{"@type":"ImageObject","inLanguage":"es","@id":"https:\/\/www.latoupiebleue.com\/es\/#\/schema\/logo\/image\/","url":"https:\/\/www.latoupiebleue.com\/wp-content\/uploads\/2018\/03\/LOGO_6_LA_TOUPIE_BLEUE_BLANC_FOND_BLEU_FONCE.jpg","contentUrl":"https:\/\/www.latoupiebleue.com\/wp-content\/uploads\/2018\/03\/LOGO_6_LA_TOUPIE_BLEUE_BLANC_FOND_BLEU_FONCE.jpg","width":1990,"height":1990,"caption":"La Toupie Bleue"},"image":{"@id":"https:\/\/www.latoupiebleue.com\/es\/#\/schema\/logo\/image\/"},"sameAs":["https:\/\/www.facebook.com\/latoupiebleue\/","https:\/\/twitter.com\/La_Toupie_Bleue","https:\/\/www.instagram.com\/latoupiebleue\/"]}]}},"_links":{"self":[{"href":"https:\/\/www.latoupiebleue.com\/es\/wp-json\/wp\/v2\/pages\/6236"}],"collection":[{"href":"https:\/\/www.latoupiebleue.com\/es\/wp-json\/wp\/v2\/pages"}],"about":[{"href":"https:\/\/www.latoupiebleue.com\/es\/wp-json\/wp\/v2\/types\/page"}],"author":[{"embeddable":true,"href":"https:\/\/www.latoupiebleue.com\/es\/wp-json\/wp\/v2\/users\/3"}],"replies":[{"embeddable":true,"href":"https:\/\/www.latoupiebleue.com\/es\/wp-json\/wp\/v2\/comments?post=6236"}],"version-history":[{"count":2,"href":"https:\/\/www.latoupiebleue.com\/es\/wp-json\/wp\/v2\/pages\/6236\/revisions"}],"predecessor-version":[{"id":6238,"href":"https:\/\/www.latoupiebleue.com\/es\/wp-json\/wp\/v2\/pages\/6236\/revisions\/6238"}],"wp:featuredmedia":[{"embeddable":true,"href":"https:\/\/www.latoupiebleue.com\/es\/wp-json\/wp\/v2\/media\/3968"}],"wp:attachment":[{"href":"https:\/\/www.latoupiebleue.com\/es\/wp-json\/wp\/v2\/media?parent=6236"}],"curies":[{"name":"wp","href":"https:\/\/api.w.org\/{rel}","templated":true}]}}