{"id":6106,"date":"2022-08-01T09:18:12","date_gmt":"2022-08-01T09:18:12","guid":{"rendered":"https:\/\/www.latoupiebleue.com\/vacances-sport-espagne\/"},"modified":"2023-11-28T15:57:56","modified_gmt":"2023-11-28T15:57:56","slug":"sport-vakantie-spanje","status":"publish","type":"page","link":"https:\/\/www.latoupiebleue.com\/nl\/sport-vakantie-spanje\/","title":{"rendered":"Spanje"},"content":{"rendered":"","protected":false},"excerpt":{"rendered":"","protected":false},"author":3,"featured_media":4935,"parent":0,"menu_order":0,"comment_status":"closed","ping_status":"closed","template":"modeles-de-page\/page-pays.php","meta":{"footnotes":""},"acf":[],"yoast_head":"<!-- This site is optimized with the Yoast SEO plugin v20.5 - https:\/\/yoast.com\/wordpress\/plugins\/seo\/ -->\n<title>Spanje - La Toupie Bleue<\/title>\n<meta name=\"description\" content=\"Par la route ou par les airs, La Toupie Bleue vous accueille en Espagne pour un s\u00e9jour ou des vacances &quot;sport&quot; s\u00fbr-mesures autour du padel, du canyoning. Entre passionn\u00e9s ou entre amis, profitez d&#039;une exp\u00e9rience ma\u00eetris\u00e9e.\" \/>\n<meta name=\"robots\" content=\"index, follow, max-snippet:-1, max-image-preview:large, max-video-preview:-1\" \/>\n<link rel=\"canonical\" href=\"https:\/\/www.latoupiebleue.com\/nl\/sport-vakantie-spanje\/\" \/>\n<meta property=\"og:locale\" content=\"nl_NL\" \/>\n<meta property=\"og:type\" content=\"article\" \/>\n<meta property=\"og:title\" content=\"Spanje - La Toupie Bleue\" \/>\n<meta property=\"og:description\" content=\"Par la route ou par les airs, La Toupie Bleue vous accueille en Espagne pour un s\u00e9jour ou des vacances &quot;sport&quot; s\u00fbr-mesures autour du padel, du canyoning. Entre passionn\u00e9s ou entre amis, profitez d&#039;une exp\u00e9rience ma\u00eetris\u00e9e.\" \/>\n<meta property=\"og:url\" content=\"https:\/\/www.latoupiebleue.com\/nl\/sport-vakantie-spanje\/\" \/>\n<meta property=\"og:site_name\" content=\"La Toupie Bleue\" \/>\n<meta property=\"article:publisher\" content=\"https:\/\/www.facebook.com\/latoupiebleue\/\" \/>\n<meta property=\"article:modified_time\" content=\"2023-11-28T15:57:56+00:00\" \/>\n<meta property=\"og:image\" content=\"https:\/\/www.latoupiebleue.com\/wp-content\/uploads\/2022\/08\/IMG-20190823-WA0032-01.jpeg\" \/>\n\t<meta property=\"og:image:width\" content=\"1200\" \/>\n\t<meta property=\"og:image:height\" content=\"1600\" \/>\n\t<meta property=\"og:image:type\" content=\"image\/jpeg\" \/>\n<meta name=\"twitter:card\" content=\"summary_large_image\" \/>\n<meta name=\"twitter:site\" content=\"@La_Toupie_Bleue\" \/>\n<script type=\"application\/ld+json\" class=\"yoast-schema-graph\">{\"@context\":\"https:\/\/schema.org\",\"@graph\":[{\"@type\":\"WebPage\",\"@id\":\"https:\/\/www.latoupiebleue.com\/nl\/sport-vakantie-spanje\/\",\"url\":\"https:\/\/www.latoupiebleue.com\/nl\/sport-vakantie-spanje\/\",\"name\":\"Spanje - La Toupie Bleue\",\"isPartOf\":{\"@id\":\"https:\/\/www.latoupiebleue.com\/nl\/#website\"},\"datePublished\":\"2022-08-01T09:18:12+00:00\",\"dateModified\":\"2023-11-28T15:57:56+00:00\",\"description\":\"Par la route ou par les airs, La Toupie Bleue vous accueille en Espagne pour un s\u00e9jour ou des vacances \\\"sport\\\" s\u00fbr-mesures autour du padel, du canyoning. Entre passionn\u00e9s ou entre amis, profitez d'une exp\u00e9rience ma\u00eetris\u00e9e.\",\"breadcrumb\":{\"@id\":\"https:\/\/www.latoupiebleue.com\/nl\/sport-vakantie-spanje\/#breadcrumb\"},\"inLanguage\":\"nl-NL\",\"potentialAction\":[{\"@type\":\"ReadAction\",\"target\":[\"https:\/\/www.latoupiebleue.com\/nl\/sport-vakantie-spanje\/\"]}]},{\"@type\":\"BreadcrumbList\",\"@id\":\"https:\/\/www.latoupiebleue.com\/nl\/sport-vakantie-spanje\/#breadcrumb\",\"itemListElement\":[{\"@type\":\"ListItem\",\"position\":1,\"name\":\"Accueil\",\"item\":\"https:\/\/www.latoupiebleue.com\/nl\/\"},{\"@type\":\"ListItem\",\"position\":2,\"name\":\"Spanje\"}]},{\"@type\":\"WebSite\",\"@id\":\"https:\/\/www.latoupiebleue.com\/nl\/#website\",\"url\":\"https:\/\/www.latoupiebleue.com\/nl\/\",\"name\":\"La Toupie Bleue\",\"description\":\"La Toupie Bleue\",\"publisher\":{\"@id\":\"https:\/\/www.latoupiebleue.com\/nl\/#organization\"},\"potentialAction\":[{\"@type\":\"SearchAction\",\"target\":{\"@type\":\"EntryPoint\",\"urlTemplate\":\"https:\/\/www.latoupiebleue.com\/nl\/?s={search_term_string}\"},\"query-input\":\"required name=search_term_string\"}],\"inLanguage\":\"nl-NL\"},{\"@type\":\"Organization\",\"@id\":\"https:\/\/www.latoupiebleue.com\/nl\/#organization\",\"name\":\"La Toupie Bleue\",\"url\":\"https:\/\/www.latoupiebleue.com\/nl\/\",\"logo\":{\"@type\":\"ImageObject\",\"inLanguage\":\"nl-NL\",\"@id\":\"https:\/\/www.latoupiebleue.com\/nl\/#\/schema\/logo\/image\/\",\"url\":\"https:\/\/www.latoupiebleue.com\/wp-content\/uploads\/2018\/03\/LOGO_6_LA_TOUPIE_BLEUE_BLANC_FOND_BLEU_FONCE.jpg\",\"contentUrl\":\"https:\/\/www.latoupiebleue.com\/wp-content\/uploads\/2018\/03\/LOGO_6_LA_TOUPIE_BLEUE_BLANC_FOND_BLEU_FONCE.jpg\",\"width\":1990,\"height\":1990,\"caption\":\"La Toupie Bleue\"},\"image\":{\"@id\":\"https:\/\/www.latoupiebleue.com\/nl\/#\/schema\/logo\/image\/\"},\"sameAs\":[\"https:\/\/www.facebook.com\/latoupiebleue\/\",\"https:\/\/twitter.com\/La_Toupie_Bleue\",\"https:\/\/www.instagram.com\/latoupiebleue\/\"]}]}<\/script>\n<!-- \/ Yoast SEO plugin. -->","yoast_head_json":{"title":"Spanje - La Toupie Bleue","description":"Par la route ou par les airs, La Toupie Bleue vous accueille en Espagne pour un s\u00e9jour ou des vacances \"sport\" s\u00fbr-mesures autour du padel, du canyoning. Entre passionn\u00e9s ou entre amis, profitez d'une exp\u00e9rience ma\u00eetris\u00e9e.","robots":{"index":"index","follow":"follow","max-snippet":"max-snippet:-1","max-image-preview":"max-image-preview:large","max-video-preview":"max-video-preview:-1"},"canonical":"https:\/\/www.latoupiebleue.com\/nl\/sport-vakantie-spanje\/","og_locale":"nl_NL","og_type":"article","og_title":"Spanje - La Toupie Bleue","og_description":"Par la route ou par les airs, La Toupie Bleue vous accueille en Espagne pour un s\u00e9jour ou des vacances \"sport\" s\u00fbr-mesures autour du padel, du canyoning. Entre passionn\u00e9s ou entre amis, profitez d'une exp\u00e9rience ma\u00eetris\u00e9e.","og_url":"https:\/\/www.latoupiebleue.com\/nl\/sport-vakantie-spanje\/","og_site_name":"La Toupie Bleue","article_publisher":"https:\/\/www.facebook.com\/latoupiebleue\/","article_modified_time":"2023-11-28T15:57:56+00:00","og_image":[{"width":1200,"height":1600,"url":"https:\/\/www.latoupiebleue.com\/wp-content\/uploads\/2022\/08\/IMG-20190823-WA0032-01.jpeg","type":"image\/jpeg"}],"twitter_card":"summary_large_image","twitter_site":"@La_Toupie_Bleue","schema":{"@context":"https:\/\/schema.org","@graph":[{"@type":"WebPage","@id":"https:\/\/www.latoupiebleue.com\/nl\/sport-vakantie-spanje\/","url":"https:\/\/www.latoupiebleue.com\/nl\/sport-vakantie-spanje\/","name":"Spanje - La Toupie Bleue","isPartOf":{"@id":"https:\/\/www.latoupiebleue.com\/nl\/#website"},"datePublished":"2022-08-01T09:18:12+00:00","dateModified":"2023-11-28T15:57:56+00:00","description":"Par la route ou par les airs, La Toupie Bleue vous accueille en Espagne pour un s\u00e9jour ou des vacances \"sport\" s\u00fbr-mesures autour du padel, du canyoning. Entre passionn\u00e9s ou entre amis, profitez d'une exp\u00e9rience ma\u00eetris\u00e9e.","breadcrumb":{"@id":"https:\/\/www.latoupiebleue.com\/nl\/sport-vakantie-spanje\/#breadcrumb"},"inLanguage":"nl-NL","potentialAction":[{"@type":"ReadAction","target":["https:\/\/www.latoupiebleue.com\/nl\/sport-vakantie-spanje\/"]}]},{"@type":"BreadcrumbList","@id":"https:\/\/www.latoupiebleue.com\/nl\/sport-vakantie-spanje\/#breadcrumb","itemListElement":[{"@type":"ListItem","position":1,"name":"Accueil","item":"https:\/\/www.latoupiebleue.com\/nl\/"},{"@type":"ListItem","position":2,"name":"Spanje"}]},{"@type":"WebSite","@id":"https:\/\/www.latoupiebleue.com\/nl\/#website","url":"https:\/\/www.latoupiebleue.com\/nl\/","name":"La Toupie Bleue","description":"La Toupie Bleue","publisher":{"@id":"https:\/\/www.latoupiebleue.com\/nl\/#organization"},"potentialAction":[{"@type":"SearchAction","target":{"@type":"EntryPoint","urlTemplate":"https:\/\/www.latoupiebleue.com\/nl\/?s={search_term_string}"},"query-input":"required name=search_term_string"}],"inLanguage":"nl-NL"},{"@type":"Organization","@id":"https:\/\/www.latoupiebleue.com\/nl\/#organization","name":"La Toupie Bleue","url":"https:\/\/www.latoupiebleue.com\/nl\/","logo":{"@type":"ImageObject","inLanguage":"nl-NL","@id":"https:\/\/www.latoupiebleue.com\/nl\/#\/schema\/logo\/image\/","url":"https:\/\/www.latoupiebleue.com\/wp-content\/uploads\/2018\/03\/LOGO_6_LA_TOUPIE_BLEUE_BLANC_FOND_BLEU_FONCE.jpg","contentUrl":"https:\/\/www.latoupiebleue.com\/wp-content\/uploads\/2018\/03\/LOGO_6_LA_TOUPIE_BLEUE_BLANC_FOND_BLEU_FONCE.jpg","width":1990,"height":1990,"caption":"La Toupie Bleue"},"image":{"@id":"https:\/\/www.latoupiebleue.com\/nl\/#\/schema\/logo\/image\/"},"sameAs":["https:\/\/www.facebook.com\/latoupiebleue\/","https:\/\/twitter.com\/La_Toupie_Bleue","https:\/\/www.instagram.com\/latoupiebleue\/"]}]}},"_links":{"self":[{"href":"https:\/\/www.latoupiebleue.com\/nl\/wp-json\/wp\/v2\/pages\/6106"}],"collection":[{"href":"https:\/\/www.latoupiebleue.com\/nl\/wp-json\/wp\/v2\/pages"}],"about":[{"href":"https:\/\/www.latoupiebleue.com\/nl\/wp-json\/wp\/v2\/types\/page"}],"author":[{"embeddable":true,"href":"https:\/\/www.latoupiebleue.com\/nl\/wp-json\/wp\/v2\/users\/3"}],"replies":[{"embeddable":true,"href":"https:\/\/www.latoupiebleue.com\/nl\/wp-json\/wp\/v2\/comments?post=6106"}],"version-history":[{"count":3,"href":"https:\/\/www.latoupiebleue.com\/nl\/wp-json\/wp\/v2\/pages\/6106\/revisions"}],"predecessor-version":[{"id":7628,"href":"https:\/\/www.latoupiebleue.com\/nl\/wp-json\/wp\/v2\/pages\/6106\/revisions\/7628"}],"wp:featuredmedia":[{"embeddable":true,"href":"https:\/\/www.latoupiebleue.com\/nl\/wp-json\/wp\/v2\/media\/4935"}],"wp:attachment":[{"href":"https:\/\/www.latoupiebleue.com\/nl\/wp-json\/wp\/v2\/media?parent=6106"}],"curies":[{"name":"wp","href":"https:\/\/api.w.org\/{rel}","templated":true}]}}