{"id":6152,"date":"2018-03-06T15:53:09","date_gmt":"2018-03-06T15:53:09","guid":{"rendered":"https:\/\/www.latoupiebleue.com\/devenir-equipier\/"},"modified":"2022-10-23T13:49:29","modified_gmt":"2022-10-23T13:49:29","slug":"teamgenoot-worden","status":"publish","type":"page","link":"https:\/\/www.latoupiebleue.com\/nl\/teamgenoot-worden\/","title":{"rendered":"Word een teamlid"},"content":{"rendered":"","protected":false},"excerpt":{"rendered":"","protected":false},"author":3,"featured_media":0,"parent":0,"menu_order":0,"comment_status":"closed","ping_status":"closed","template":"modeles-de-page\/page-devenir-equipier.php","meta":{"footnotes":""},"acf":[],"yoast_head":"<!-- This site is optimized with the Yoast SEO plugin v20.5 - https:\/\/yoast.com\/wordpress\/plugins\/seo\/ -->\n<title>La Toupie Bleue : devenez \u00e9quipier et acteur du voyage sportif !<\/title>\n<meta name=\"description\" content=\"La Toupie Bleue en tant qu\u2019acteur du voyage sportif s\u2019appuie sur des \u00e9quipiers professionnels et passionn\u00e9s. Si tu d\u00e9tiens une qualification dans l\u2019encadrement des activit\u00e9s physiques et sportives et que tu souhaites apporter tes comp\u00e9tences dans l\u2019accueil physique de nos clients alors contacte-nous !\" \/>\n<meta name=\"robots\" content=\"index, follow, max-snippet:-1, max-image-preview:large, max-video-preview:-1\" \/>\n<link rel=\"canonical\" href=\"https:\/\/www.latoupiebleue.com\/nl\/teamgenoot-worden\/\" \/>\n<meta property=\"og:locale\" content=\"nl_NL\" \/>\n<meta property=\"og:type\" content=\"article\" \/>\n<meta property=\"og:title\" content=\"La Toupie Bleue : devenez \u00e9quipier et acteur du voyage sportif !\" \/>\n<meta property=\"og:description\" content=\"La Toupie Bleue en tant qu\u2019acteur du voyage sportif s\u2019appuie sur des \u00e9quipiers professionnels et passionn\u00e9s. Si tu d\u00e9tiens une qualification dans l\u2019encadrement des activit\u00e9s physiques et sportives et que tu souhaites apporter tes comp\u00e9tences dans l\u2019accueil physique de nos clients alors contacte-nous !\" \/>\n<meta property=\"og:url\" content=\"https:\/\/www.latoupiebleue.com\/nl\/teamgenoot-worden\/\" \/>\n<meta property=\"og:site_name\" content=\"La Toupie Bleue\" \/>\n<meta property=\"article:publisher\" content=\"https:\/\/www.facebook.com\/latoupiebleue\/\" \/>\n<meta property=\"article:modified_time\" content=\"2022-10-23T13:49:29+00:00\" \/>\n<meta name=\"twitter:card\" content=\"summary_large_image\" \/>\n<meta name=\"twitter:site\" content=\"@La_Toupie_Bleue\" \/>\n<script type=\"application\/ld+json\" class=\"yoast-schema-graph\">{\"@context\":\"https:\/\/schema.org\",\"@graph\":[{\"@type\":\"WebPage\",\"@id\":\"https:\/\/www.latoupiebleue.com\/nl\/teamgenoot-worden\/\",\"url\":\"https:\/\/www.latoupiebleue.com\/nl\/teamgenoot-worden\/\",\"name\":\"La Toupie Bleue : devenez \u00e9quipier et acteur du voyage sportif !\",\"isPartOf\":{\"@id\":\"https:\/\/www.latoupiebleue.com\/nl\/#website\"},\"datePublished\":\"2018-03-06T15:53:09+00:00\",\"dateModified\":\"2022-10-23T13:49:29+00:00\",\"description\":\"La Toupie Bleue en tant qu\u2019acteur du voyage sportif s\u2019appuie sur des \u00e9quipiers professionnels et passionn\u00e9s. Si tu d\u00e9tiens une qualification dans l\u2019encadrement des activit\u00e9s physiques et sportives et que tu souhaites apporter tes comp\u00e9tences dans l\u2019accueil physique de nos clients alors contacte-nous !\",\"breadcrumb\":{\"@id\":\"https:\/\/www.latoupiebleue.com\/nl\/teamgenoot-worden\/#breadcrumb\"},\"inLanguage\":\"nl-NL\",\"potentialAction\":[{\"@type\":\"ReadAction\",\"target\":[\"https:\/\/www.latoupiebleue.com\/nl\/teamgenoot-worden\/\"]}]},{\"@type\":\"BreadcrumbList\",\"@id\":\"https:\/\/www.latoupiebleue.com\/nl\/teamgenoot-worden\/#breadcrumb\",\"itemListElement\":[{\"@type\":\"ListItem\",\"position\":1,\"name\":\"Accueil\",\"item\":\"https:\/\/www.latoupiebleue.com\/nl\/\"},{\"@type\":\"ListItem\",\"position\":2,\"name\":\"Word een teamlid\"}]},{\"@type\":\"WebSite\",\"@id\":\"https:\/\/www.latoupiebleue.com\/nl\/#website\",\"url\":\"https:\/\/www.latoupiebleue.com\/nl\/\",\"name\":\"La Toupie Bleue\",\"description\":\"La Toupie Bleue\",\"publisher\":{\"@id\":\"https:\/\/www.latoupiebleue.com\/nl\/#organization\"},\"potentialAction\":[{\"@type\":\"SearchAction\",\"target\":{\"@type\":\"EntryPoint\",\"urlTemplate\":\"https:\/\/www.latoupiebleue.com\/nl\/?s={search_term_string}\"},\"query-input\":\"required name=search_term_string\"}],\"inLanguage\":\"nl-NL\"},{\"@type\":\"Organization\",\"@id\":\"https:\/\/www.latoupiebleue.com\/nl\/#organization\",\"name\":\"La Toupie Bleue\",\"url\":\"https:\/\/www.latoupiebleue.com\/nl\/\",\"logo\":{\"@type\":\"ImageObject\",\"inLanguage\":\"nl-NL\",\"@id\":\"https:\/\/www.latoupiebleue.com\/nl\/#\/schema\/logo\/image\/\",\"url\":\"https:\/\/www.latoupiebleue.com\/wp-content\/uploads\/2018\/03\/LOGO_6_LA_TOUPIE_BLEUE_BLANC_FOND_BLEU_FONCE.jpg\",\"contentUrl\":\"https:\/\/www.latoupiebleue.com\/wp-content\/uploads\/2018\/03\/LOGO_6_LA_TOUPIE_BLEUE_BLANC_FOND_BLEU_FONCE.jpg\",\"width\":1990,\"height\":1990,\"caption\":\"La Toupie Bleue\"},\"image\":{\"@id\":\"https:\/\/www.latoupiebleue.com\/nl\/#\/schema\/logo\/image\/\"},\"sameAs\":[\"https:\/\/www.facebook.com\/latoupiebleue\/\",\"https:\/\/twitter.com\/La_Toupie_Bleue\",\"https:\/\/www.instagram.com\/latoupiebleue\/\"]}]}<\/script>\n<!-- \/ Yoast SEO plugin. -->","yoast_head_json":{"title":"La Toupie Bleue : devenez \u00e9quipier et acteur du voyage sportif !","description":"La Toupie Bleue en tant qu\u2019acteur du voyage sportif s\u2019appuie sur des \u00e9quipiers professionnels et passionn\u00e9s. Si tu d\u00e9tiens une qualification dans l\u2019encadrement des activit\u00e9s physiques et sportives et que tu souhaites apporter tes comp\u00e9tences dans l\u2019accueil physique de nos clients alors contacte-nous !","robots":{"index":"index","follow":"follow","max-snippet":"max-snippet:-1","max-image-preview":"max-image-preview:large","max-video-preview":"max-video-preview:-1"},"canonical":"https:\/\/www.latoupiebleue.com\/nl\/teamgenoot-worden\/","og_locale":"nl_NL","og_type":"article","og_title":"La Toupie Bleue : devenez \u00e9quipier et acteur du voyage sportif !","og_description":"La Toupie Bleue en tant qu\u2019acteur du voyage sportif s\u2019appuie sur des \u00e9quipiers professionnels et passionn\u00e9s. Si tu d\u00e9tiens une qualification dans l\u2019encadrement des activit\u00e9s physiques et sportives et que tu souhaites apporter tes comp\u00e9tences dans l\u2019accueil physique de nos clients alors contacte-nous !","og_url":"https:\/\/www.latoupiebleue.com\/nl\/teamgenoot-worden\/","og_site_name":"La Toupie Bleue","article_publisher":"https:\/\/www.facebook.com\/latoupiebleue\/","article_modified_time":"2022-10-23T13:49:29+00:00","twitter_card":"summary_large_image","twitter_site":"@La_Toupie_Bleue","schema":{"@context":"https:\/\/schema.org","@graph":[{"@type":"WebPage","@id":"https:\/\/www.latoupiebleue.com\/nl\/teamgenoot-worden\/","url":"https:\/\/www.latoupiebleue.com\/nl\/teamgenoot-worden\/","name":"La Toupie Bleue : devenez \u00e9quipier et acteur du voyage sportif !","isPartOf":{"@id":"https:\/\/www.latoupiebleue.com\/nl\/#website"},"datePublished":"2018-03-06T15:53:09+00:00","dateModified":"2022-10-23T13:49:29+00:00","description":"La Toupie Bleue en tant qu\u2019acteur du voyage sportif s\u2019appuie sur des \u00e9quipiers professionnels et passionn\u00e9s. Si tu d\u00e9tiens une qualification dans l\u2019encadrement des activit\u00e9s physiques et sportives et que tu souhaites apporter tes comp\u00e9tences dans l\u2019accueil physique de nos clients alors contacte-nous !","breadcrumb":{"@id":"https:\/\/www.latoupiebleue.com\/nl\/teamgenoot-worden\/#breadcrumb"},"inLanguage":"nl-NL","potentialAction":[{"@type":"ReadAction","target":["https:\/\/www.latoupiebleue.com\/nl\/teamgenoot-worden\/"]}]},{"@type":"BreadcrumbList","@id":"https:\/\/www.latoupiebleue.com\/nl\/teamgenoot-worden\/#breadcrumb","itemListElement":[{"@type":"ListItem","position":1,"name":"Accueil","item":"https:\/\/www.latoupiebleue.com\/nl\/"},{"@type":"ListItem","position":2,"name":"Word een teamlid"}]},{"@type":"WebSite","@id":"https:\/\/www.latoupiebleue.com\/nl\/#website","url":"https:\/\/www.latoupiebleue.com\/nl\/","name":"La Toupie Bleue","description":"La Toupie Bleue","publisher":{"@id":"https:\/\/www.latoupiebleue.com\/nl\/#organization"},"potentialAction":[{"@type":"SearchAction","target":{"@type":"EntryPoint","urlTemplate":"https:\/\/www.latoupiebleue.com\/nl\/?s={search_term_string}"},"query-input":"required name=search_term_string"}],"inLanguage":"nl-NL"},{"@type":"Organization","@id":"https:\/\/www.latoupiebleue.com\/nl\/#organization","name":"La Toupie Bleue","url":"https:\/\/www.latoupiebleue.com\/nl\/","logo":{"@type":"ImageObject","inLanguage":"nl-NL","@id":"https:\/\/www.latoupiebleue.com\/nl\/#\/schema\/logo\/image\/","url":"https:\/\/www.latoupiebleue.com\/wp-content\/uploads\/2018\/03\/LOGO_6_LA_TOUPIE_BLEUE_BLANC_FOND_BLEU_FONCE.jpg","contentUrl":"https:\/\/www.latoupiebleue.com\/wp-content\/uploads\/2018\/03\/LOGO_6_LA_TOUPIE_BLEUE_BLANC_FOND_BLEU_FONCE.jpg","width":1990,"height":1990,"caption":"La Toupie Bleue"},"image":{"@id":"https:\/\/www.latoupiebleue.com\/nl\/#\/schema\/logo\/image\/"},"sameAs":["https:\/\/www.facebook.com\/latoupiebleue\/","https:\/\/twitter.com\/La_Toupie_Bleue","https:\/\/www.instagram.com\/latoupiebleue\/"]}]}},"_links":{"self":[{"href":"https:\/\/www.latoupiebleue.com\/nl\/wp-json\/wp\/v2\/pages\/6152"}],"collection":[{"href":"https:\/\/www.latoupiebleue.com\/nl\/wp-json\/wp\/v2\/pages"}],"about":[{"href":"https:\/\/www.latoupiebleue.com\/nl\/wp-json\/wp\/v2\/types\/page"}],"author":[{"embeddable":true,"href":"https:\/\/www.latoupiebleue.com\/nl\/wp-json\/wp\/v2\/users\/3"}],"replies":[{"embeddable":true,"href":"https:\/\/www.latoupiebleue.com\/nl\/wp-json\/wp\/v2\/comments?post=6152"}],"version-history":[{"count":2,"href":"https:\/\/www.latoupiebleue.com\/nl\/wp-json\/wp\/v2\/pages\/6152\/revisions"}],"predecessor-version":[{"id":6154,"href":"https:\/\/www.latoupiebleue.com\/nl\/wp-json\/wp\/v2\/pages\/6152\/revisions\/6154"}],"wp:attachment":[{"href":"https:\/\/www.latoupiebleue.com\/nl\/wp-json\/wp\/v2\/media?parent=6152"}],"curies":[{"name":"wp","href":"https:\/\/api.w.org\/{rel}","templated":true}]}}